{"id":6,"date":"2015-12-02T08:01:19","date_gmt":"2015-12-02T08:01:19","guid":{"rendered":"http:\/\/medical.omnicom-dev.com\/clinic\/?page_id=6"},"modified":"2022-09-06T12:06:36","modified_gmt":"2022-09-06T12:06:36","slug":"kurumsal","status":"publish","type":"page","link":"https:\/\/wisas.com.tr\/tr\/kurumsal\/","title":{"rendered":"Kurumsal"},"content":{"rendered":"<section id=\"bt_section69d826ad46fbd\"  class=\"boldSection topSpaced gutter btMiddleVertical wBackground cover hakkimizda_blok\" style=\"background-color:#dddfde;background-image:url('https:\/\/wisas.com.tr\/wp-content\/uploads\/2022\/08\/wisas_hakkimizd.jpeg');\"><div class=\"port\"><div class=\"boldCell\"><div class=\"boldCellInner\"><div class=\"boldRow  \" ><div class=\"boldRowInner\"><div class=\"rowItem col-md-7 col-ms-12  btTextCenter animate animate-fadein animate-moveright btMiddleVertical hakkim\"  ><div class=\"rowItemContent\" ><header class=\"header btClear large btDash topDash wisashomex btAccentDash\" ><div class=\"btSuperTitle\">WISAS<\/div><div class=\"dash\"><h2><span class=\"headline\">V\u0130ZYONUMUZ<\/span><\/h2><\/div><\/header><div class=\"btText\" ><div class=\"homeabouttext\">\u00dclkemizde ve D\u00fcnya genelinde hayat kurtar\u0131c\u0131lar\u0131m\u0131za zaman\u0131n \u00f6nemi ile ayn\u0131 orant\u0131da yard\u0131mc\u0131 olmaktay\u0131z, <span class=\"wisasred\">W\u0130SAS<\/span> markam\u0131zla kaliteden \u00f6d\u00fcn vermeden \u00e7\u00f6z\u00fcm odakl\u0131, kal\u0131c\u0131 ve hijyenik bir ortam sa\u011flamaktay\u0131z.<\/div>\n<\/div><header class=\"header btClear large btDash topDash misyonumuz btAccentDash\" ><div class=\"dash\"><h2><span class=\"headline\">M\u0130SYONUMUZ<\/span><\/h2><\/div><\/header><div class=\"btText\" ><div class=\"homeabouttext\">\u00dclkemizde ve D\u00fcnya genelinde geli\u015fen en son teknolojiyi h\u0131zl\u0131 bir \u015fekilde hayat\u0131m\u0131za uyarlay\u0131p, insan sa\u011fl\u0131\u011f\u0131n\u0131 ve mutlulu\u011funu temel ilkemiz kabul edip, etik kurallara ba\u011fl\u0131 kalarak d\u00fcnya standartlar\u0131nda \u00fcretim yap\u0131p sa\u011fl\u0131k sekt\u00f6r\u00fcnde <span class=\"wisasred\">W\u0130SAS<\/span> markam\u0131zla yol almay\u0131 hedefliyoruz.<\/div>\n<\/div><div class=\"btClear btSeparator bottomSmallSpaced noBorder\" ><hr><\/div><\/div><\/div><div class=\"rowItem col-md-5 col-ms-12  btTextLeft animate animate-fadein animate-moveleft btBottomVertical\"  ><div class=\"rowItemContent\" ><div class=\"bpgPhoto btTextCenter gizli\" ><div class=\"btImage\"><img src=\"https:\/\/wisas.com.tr\/wp-content\/uploads\/2018\/03\/img-laboratory-04.png\" alt=\"\" title=\"\"><\/div><\/div><\/div><\/div><\/div><\/div><\/div><\/div><\/div><\/section><section id=\"bt_section69d826ad47784\"  class=\"boldSection topSemiSpaced btMiddleVertical degerlerimizx\" ><div class=\"port\"><div class=\"boldCell\"><div class=\"boldCellInner\"><div class=\"boldRow  \" ><div class=\"boldRowInner\"><div class=\"rowItem col-md-12 col-ms-12  btTextCenter animate animate-fadein animate-moveright inherit\"  ><div class=\"rowItemContent\" ><div class=\"btClear btSeparator bottomSmallSpaced noBorder\" ><hr><\/div><header class=\"header btClear extralarge btDash topDash biziyansitan btAccentDash\" ><div class=\"btSuperTitle\">B\u0130Z\u0130 YANSITAN <\/div><div class=\"dash\"><h1><span class=\"headline\">DE\u011eERLER\u0130M\u0130Z<\/span><\/h1><\/div><div class=\"btSubTitle\">\u015eirketimizin y\u00f6netim anlay\u0131\u015f\u0131n\u0131 ve \u00fcretim \u015feklimizi yans\u0131tan de\u011ferlerimiz; \u00c7al\u0131\u015fanlar\u0131m\u0131z, \u00e7\u00f6z\u00fcm ortaklar\u0131m\u0131z ve toplumla olan ileti\u015fimde kulland\u0131\u011f\u0131m\u0131z profesyonel etik kurallar\u0131m\u0131zdan olu\u015fuyor: Sa\u011fl\u0131k sekt\u00f6r\u00fcnde ba\u015far\u0131l\u0131 olmam\u0131z\u0131, belirledi\u011fimiz sekt\u00f6rel hassasiyetimize ba\u011fl\u0131yoruz; D\u00fcr\u00fcstl\u00fc\u011f\u00fcm\u00fcz, Samimiyetimiz, \u015eeffafl\u0131\u011f\u0131m\u0131z ve Sayg\u0131nl\u0131\u011f\u0131m\u0131zla De\u011fer Verip De\u011fer G\u00f6r\u00fcyoruz.<\/div><\/header><div class=\"btClear btSeparator bottomSemiSpaced noBorder\" ><hr><\/div><\/div><\/div><\/div><\/div><div class=\"boldRow degerler \" ><div class=\"boldRowInner\"><div class=\"rowItem col-md-4 col-ms-12 btTextCenter animate animate-fadein inherit icon1\"  ><div class=\"rowItemContent\" ><div class=\"btText\" ><\/div><div class=\"servicesItem  btIcoDefaultColorIcon btIcoSmallSizeIcon iconlar \"><div class=\"sIcon\"><span class=\"btIco btIcoSmallSize btIcoDefaultType btIcoDefaultColor\" ><span  data-ico-fa=\"&#xf103;\" class=\"btIcoHolder\"><em><\/em><\/span><\/span><\/div><div class=\"sTxt\"><header class=\"header btClear small\" ><div class=\"dash\"><h4><span class=\"headline\">Adil Davran\u0131\u015f<\/span><\/h4><\/div><\/header><p>\u00c7al\u0131\u015fanlar\u0131m\u0131za, sa\u011fl\u0131k sekt\u00f6r\u00fcne ve \u00e7\u00f6z\u00fcm ortaklar\u0131m\u0131za adil bir \u015fekilde yakla\u015f\u0131yor ve bu adil yakla\u015f\u0131m\u0131 kurumsal ba\u015far\u0131m\u0131z\u0131n temel ta\u015f\u0131 olarak g\u00f6r\u00fcyoruz.<\/p><\/div><\/div><div class=\"btClear btSeparator bottomSemiSpaced noBorder\" ><hr><\/div><\/div><\/div><div class=\"rowItem col-md-4 col-ms-12 btTextCenter animate animate-fadein inherit icon2\"  ><div class=\"rowItemContent\" ><div class=\"btText\" ><\/div><div class=\"servicesItem  btIcoDefaultColorIcon btIcoSmallSizeIcon iconlar \"><div class=\"sIcon\"><span class=\"btIco btIcoSmallSize btIcoDefaultType btIcoDefaultColor\" ><span  data-ico-fa=\"&#xf103;\" class=\"btIcoHolder\"><em><\/em><\/span><\/span><\/div><div class=\"sTxt\"><header class=\"header btClear small\" ><div class=\"dash\"><h4><span class=\"headline\">A\u00e7\u0131kl\u0131k ve G\u00fcven<\/span><\/h4><\/div><\/header><p>\u00d6nemli \u015firket konular\u0131n\u0131n ileti\u015fimini zaman\u0131nda ve a\u00e7\u0131kl\u0131kla yap\u0131yoruz. B\u00f6ylece g\u00fcvene dayal\u0131 bir i\u015f birli\u011finin temelini olu\u015fturuyoruz.<\/p><\/div><\/div><div class=\"btClear btSeparator bottomSemiSpaced noBorder\" ><hr><\/div><\/div><\/div><div class=\"rowItem col-md-4 col-ms-12 btTextCenter animate animate-fadein inherit icon3\"  ><div class=\"rowItemContent\" ><div class=\"btText\" ><\/div><div class=\"servicesItem  btIcoDefaultColorIcon btIcoSmallSizeIcon iconlar \"><div class=\"sIcon\"><span class=\"btIco btIcoSmallSize btIcoDefaultType btIcoDefaultColor\" ><span  data-ico-fa=\"&#xf103;\" class=\"btIcoHolder\"><em><\/em><\/span><\/span><\/div><div class=\"sTxt\"><header class=\"header btClear small\" ><div class=\"dash\"><h4><span class=\"headline\">\u00c7e\u015fitlilik<\/span><\/h4><\/div><\/header><p>\u00dcr\u00fcn yelpazemizin \u00e7e\u015fitlili\u011fi ile getirdi\u011fi zenginli\u011fin de\u011ferini biliyor ve ba\u015far\u0131m\u0131z\u0131n kayna\u011f\u0131 olarak g\u00f6r\u00fcyoruz.<\/p><\/div><\/div><div class=\"btClear btSeparator bottomSemiSpaced noBorder\" ><hr><\/div><\/div><\/div><\/div><\/div><div class=\"boldRow degerler2 \" ><div class=\"boldRowInner\"><div class=\"rowItem col-md-4 col-ms-12 btTextCenter animate animate-fadein inherit icon4\"  ><div class=\"rowItemContent\" ><div class=\"btText\" ><\/div><div class=\"servicesItem  btIcoDefaultColorIcon btIcoSmallSizeIcon iconlar \"><div class=\"sIcon\"><span class=\"btIco btIcoSmallSize btIcoDefaultType btIcoDefaultColor\" ><span  data-ico-fa=\"&#xf103;\" class=\"btIcoHolder\"><em><\/em><\/span><\/span><\/div><div class=\"sTxt\"><header class=\"header btClear small\" ><div class=\"dash\"><h4><span class=\"headline\">\u0130nsiyatif ve Kararl\u0131l\u0131k<\/span><\/h4><\/div><\/header><p>Do\u011frulu\u011funa inand\u0131\u011f\u0131m\u0131z projelerimizde \u0130nsiyatif alarak hareket ediyor, giri\u015fimci olarak att\u0131\u011f\u0131m\u0131z ad\u0131mlar\u0131n sorumluluklar\u0131n\u0131 al\u0131yor ve hedeflerimizin pe\u015finden kararl\u0131l\u0131kla gidiyoruz.<\/p><\/div><\/div><div class=\"btClear btSeparator bottomSemiSpaced noBorder\" ><hr><\/div><\/div><\/div><div class=\"rowItem col-md-4 col-ms-12 btTextCenter animate animate-fadein inherit icon5\"  ><div class=\"rowItemContent\" ><div class=\"btText\" ><\/div><div class=\"servicesItem  btIcoDefaultColorIcon btIcoSmallSizeIcon iconlar \"><div class=\"sIcon\"><span class=\"btIco btIcoSmallSize btIcoDefaultType btIcoDefaultColor\" ><span  data-ico-fa=\"&#xf103;\" class=\"btIcoHolder\"><em><\/em><\/span><\/span><\/div><div class=\"sTxt\"><header class=\"header btClear small\" ><div class=\"dash\"><h4><span class=\"headline\">Sonu\u00e7 Odakl\u0131l\u0131k<\/span><\/h4><\/div><\/header><p>Yapt\u0131\u011f\u0131m\u0131z \u00e7al\u0131\u015fmalar\u0131n arkas\u0131nda durarak i\u015f ortaklar\u0131m\u0131za g\u00fcvence sa\u011fl\u0131yor ve gelecekte kar\u015f\u0131la\u015faca\u011f\u0131m\u0131z sorunlar\u0131 minimize ediyoruz. Buda, gelece\u011fimizi g\u00fcvence alt\u0131na almam\u0131z\u0131 sa\u011fl\u0131yor ve sekt\u00f6r\u00fcn i\u00e7inde sonu\u00e7 odakl\u0131 oldu\u011fumuzu kan\u0131tl\u0131yoruz<\/p><\/div><\/div><div class=\"btClear btSeparator bottomSemiSpaced noBorder\" ><hr><\/div><\/div><\/div><div class=\"rowItem col-md-4 col-ms-12 btTextCenter animate animate-fadein inherit icon6\"  ><div class=\"rowItemContent\" ><div class=\"btText\" ><\/div><div class=\"servicesItem  btIcoDefaultColorIcon btIcoSmallSizeIcon iconlar \"><div class=\"sIcon\"><span class=\"btIco btIcoSmallSize btIcoDefaultType btIcoDefaultColor\" ><span  data-ico-fa=\"&#xf103;\" class=\"btIcoHolder\"><em><\/em><\/span><\/span><\/div><div class=\"sTxt\"><header class=\"header btClear small\" ><div class=\"dash\"><h4><span class=\"headline\">S\u00fcrd\u00fcr\u00fclebilirlik<\/span><\/h4><\/div><\/header><p>\u0130nsan odakl\u0131, toplum ve \u00e7evre ile uyumlu \u00f6zenli ve sorumlu bir \u015fekilde hareket ediyoruz. \u00c7a\u011f\u0131n gereksinimlerine uygun yeniliklerin benimsenmesine ve gerekli ad\u0131mlar\u0131n at\u0131lmas\u0131na \u00f6nem verip devaml\u0131l\u0131\u011f\u0131m\u0131z\u0131 bu sorumlulukla yerine getirmekteyiz<\/p><\/div><\/div><div class=\"btClear btSeparator bottomSemiSpaced noBorder\" ><hr><\/div><\/div><\/div><\/div><\/div><\/div><\/div><\/div><\/section><section id=\"bt_section69d826ad483b7\"  class=\"boldSection btDarkSkin gutter inherit wBackground cover\" style=\"background-color:#61b6f2;background-image:url('https:\/\/wisas.com.tr\/wp-content\/uploads\/2022\/08\/laboratuvarsonkurulum-resimJS-21.jpg');\"><div class=\"port\"><div class=\"boldCell\"><div class=\"boldCellInner\"><div class=\"boldRow  \" ><div class=\"boldRowInner\"><div class=\"rowItem col-md-8 col-ms-12 btTextLeft animate animate-fadein animate-moveright btMiddleVertical hizliiletisim\"  ><div class=\"rowItemContent\" ><div class=\"btClear btSeparator topSpaced noBorder\" ><hr><\/div><header class=\"header btClear large btDash topDash  btAccentDash\" ><div class=\"btSuperTitle\">Bu \u00fcr\u00fcn hakk\u0131nda detayl\u0131 bilgilere mi ihtiyac\u0131n\u0131z var?<\/div><div class=\"dash\"><h2><span class=\"headline\">B\u0130Z S\u0130Z\u0130 ARAYALIM<\/span><\/h2><\/div><\/header><div class=\"btText\" ><div role=\"form\" class=\"wpcf7\" id=\"wpcf7-f1609-o1\" lang=\"en-US\" dir=\"ltr\">\n<div class=\"screen-reader-response\"><p role=\"status\" aria-live=\"polite\" aria-atomic=\"true\"><\/p> <ul><\/ul><\/div>\n<form action=\"\/tr\/wp-json\/wp\/v2\/pages\/6#wpcf7-f1609-o1\" method=\"post\" class=\"wpcf7-form init\" novalidate=\"novalidate\" data-status=\"init\">\n<div style=\"display: none;\">\n<input type=\"hidden\" name=\"_wpcf7\" value=\"1609\" \/>\n<input type=\"hidden\" name=\"_wpcf7_version\" value=\"5.6.1\" \/>\n<input type=\"hidden\" name=\"_wpcf7_locale\" value=\"en_US\" \/>\n<input type=\"hidden\" name=\"_wpcf7_unit_tag\" value=\"wpcf7-f1609-o1\" \/>\n<input type=\"hidden\" name=\"_wpcf7_container_post\" value=\"0\" \/>\n<input type=\"hidden\" name=\"_wpcf7_posted_data_hash\" value=\"\" \/>\n<\/div>\n<p><label><span class=\"bt_bb_required\">Ad\u0131n\u0131z, Soyad\u0131n\u0131z?<\/span><\/p>\n<p>    <span class=\"wpcf7-form-control-wrap\" data-name=\"your-name\"><input type=\"text\" name=\"your-name\" value=\"\" size=\"40\" class=\"wpcf7-form-control wpcf7-text wpcf7-validates-as-required\" aria-required=\"true\" aria-invalid=\"false\" \/><\/span> <\/label><\/p>\n<p><label><span class=\"bt_bb_required\">E-mail Adresiniz?<\/span><br \/>\n    <span class=\"wpcf7-form-control-wrap\" data-name=\"your-email\"><input type=\"email\" name=\"your-email\" value=\"\" size=\"40\" class=\"wpcf7-form-control wpcf7-text wpcf7-email wpcf7-validates-as-required wpcf7-validates-as-email\" aria-required=\"true\" aria-invalid=\"false\" \/><\/span> <\/label><\/p>\n<p><label>Telefon Numaran\u0131z<br \/>\n    <span class=\"wpcf7-form-control-wrap\" data-name=\"your-subject\"><input type=\"text\" name=\"your-subject\" value=\"\" size=\"40\" class=\"wpcf7-form-control wpcf7-text\" aria-invalid=\"false\" \/><\/span> <\/label><\/p>\n<p><input type=\"submit\" value=\"G\u00d6NDER\" class=\"wpcf7-form-control has-spinner wpcf7-submit\" \/><\/p>\n<div class=\"wpcf7-response-output\" aria-hidden=\"true\"><\/div><\/form><\/div><\/div><div class=\"btClear btSeparator topSpaced noBorder\" ><hr><\/div><\/div><\/div><div class=\"rowItem col-md-4 col-ms-12 btTextLeft animate animate-fadein animate-moveleft btTopVertical btDoublePadding whatspp whatsppbgr wBackground cover\" style=\"background: rgba(0,0,0,.2);background-image: url(https:\/\/wisas.com.tr\/wp-content\/uploads\/2022\/08\/2229b-Kurtarildixxxxx.png);\" ><div class=\"rowItemContent\" ><div class=\"btClear btSeparator topSmallSpaced noBorder\" ><hr><\/div><header class=\"header btClear medium  btNormalDash\" ><div class=\"dash\"><h3><span class=\"headline\">Bize Whatsapp ileti\u015fim hatt\u0131m\u0131zdan ula\u015fabilirsiniz.<\/span><\/h3><\/div><\/header><div class=\"btClear btSeparator topSmallSpaced noBorder\" ><hr><\/div><a href=\"https:\/\/api.whatsapp.com\/send\/?phone=905539378845&amp;text=wisas.com.tr\" class=\"btBtn btBtn btnFilledStyle btnAlternateColor btnExtraSmall btnNormalWidth whabutton btnRightPosition btnNoIcon\" ><span class=\"btnInnerText\">WHATSAPP \u0130LET\u0130\u015e\u0130M HATTI<\/span><\/a><div class=\"btClear btSeparator topSmallSpaced noBorder\" ><hr><\/div><\/div><\/div><\/div><\/div><\/div><\/div><\/div><\/section>","protected":false},"excerpt":{"rendered":"","protected":false},"author":1,"featured_media":1944,"parent":0,"menu_order":0,"comment_status":"closed","ping_status":"closed","template":"","meta":[],"_links":{"self":[{"href":"https:\/\/wisas.com.tr\/tr\/wp-json\/wp\/v2\/pages\/6"}],"collection":[{"href":"https:\/\/wisas.com.tr\/tr\/wp-json\/wp\/v2\/pages"}],"about":[{"href":"https:\/\/wisas.com.tr\/tr\/wp-json\/wp\/v2\/types\/page"}],"author":[{"embeddable":true,"href":"https:\/\/wisas.com.tr\/tr\/wp-json\/wp\/v2\/users\/1"}],"replies":[{"embeddable":true,"href":"https:\/\/wisas.com.tr\/tr\/wp-json\/wp\/v2\/comments?post=6"}],"version-history":[{"count":57,"href":"https:\/\/wisas.com.tr\/tr\/wp-json\/wp\/v2\/pages\/6\/revisions"}],"predecessor-version":[{"id":2941,"href":"https:\/\/wisas.com.tr\/tr\/wp-json\/wp\/v2\/pages\/6\/revisions\/2941"}],"wp:featuredmedia":[{"embeddable":true,"href":"https:\/\/wisas.com.tr\/tr\/wp-json\/wp\/v2\/media\/1944"}],"wp:attachment":[{"href":"https:\/\/wisas.com.tr\/tr\/wp-json\/wp\/v2\/media?parent=6"}],"curies":[{"name":"wp","href":"https:\/\/api.w.org\/{rel}","templated":true}]}}