{"id":2748,"date":"2022-08-30T16:22:41","date_gmt":"2022-08-30T16:22:41","guid":{"rendered":"https:\/\/wisas.com.tr\/?page_id=2748"},"modified":"2022-09-21T14:12:26","modified_gmt":"2022-09-21T14:12:26","slug":"otaklav-eldiveni","status":"publish","type":"page","link":"https:\/\/wisas.com.tr\/tr\/otaklav-eldiveni\/","title":{"rendered":"Otoklav Eldiveni"},"content":{"rendered":"<section id=\"bt_section69d858ad138da\"  class=\"boldSection topSpaced bottomSpaced gutter inherit\" ><div class=\"port\"><div class=\"boldCell\"><div class=\"boldCellInner\"><div class=\"boldRow yanm \" ><div class=\"boldRowInner\"><div class=\"rowItem col-md-6 col-sm-12 btTextLeft animate animate-fadein inherit btDoublePadding icerik\"  ><div class=\"rowItemContent\" ><div class=\"bpgPhoto btTextCenter\" ><div class=\"btImage\"><img src=\"https:\/\/wisas.com.tr\/wp-content\/uploads\/2022\/08\/eldivenler.jpg\" alt=\"\" title=\"\"><\/div><\/div><\/div><\/div><div class=\"rowItem col-md-6 col-sm-12 btTextLeft animate animate-fadein btMiddleVertical btDoublePadding icerik\"  ><div class=\"rowItemContent\" ><header class=\"header btClear medium  btAccentDash\" ><div class=\"dash\"><h3><span class=\"headline\">Otoklav Eldiveni<\/span><\/h3><\/div><\/header><div class=\"btText\" ><p>Yumus\u0327ak ve esnek, \u0131s\u0131ya dayan\u0131kl\u0131, havlu benzeri bir kumas\u0327tan u\u0308retilir. Kolay tak\u0131l\u0131p c\u0327\u0131kart\u0131labilir. Kullan\u0131m\u0131 son derece rahatt\u0131r. U\u0308st k\u0131s\u0131m \u0131s\u0131y\u0131 d\u0131s\u0327ta tutma o\u0308zellikli bir tabaka ile kapl\u0131d\u0131r. Avuc\u0327 ic\u0327i ise \u0131s\u0131y\u0131 engelleyen yumus\u0327ak ve kal\u0131n kumas\u0327tan u\u0308retilmis\u0327tir. Otoklav ile c\u0327al\u0131s\u0327\u0131rken 300\u00b0C s\u0131cakl\u0131g\u0306a kadar mu\u0308kemmel gu\u0308venlik ve izolasyon sag\u0306lar.<\/p>\n<p><strong>35 cm ve 42 cm o\u0308lc\u0327u\u0308 se\u00e7enekleri mevcuttur.<\/strong><\/p>\n<\/div><\/div><\/div><\/div><\/div><\/div><\/div><\/div><\/section><section id=\"bt_section69d858ad13de3\"  class=\"boldSection topSpaced bottomSpaced gutter inherit\" ><div class=\"port\"><div class=\"boldCell\"><div class=\"boldCellInner\"><div class=\"boldRow  \" ><div class=\"boldRowInner\"><div class=\"rowItem col-md-12 col-ms-12  btTextCenter animate animate-fadein inherit\"  ><div class=\"rowItemContent\" ><a href=\"https:\/\/wisas.com.tr\/tr\/sterilizasyon-koruyucu-urunler\/\" class=\"btBtn btBtn btnFilledStyle btnAlternateColor btnMedium btnNormalWidth btnLeftPosition btnIco\" style=\"margin-bottom: -30px;\"><span class=\"btnInnerText\">T\u00dcM STER\u0130L\u0130ZASYON KORUYUCU \u00dcR\u00dcNLER<\/span><span class=\"btIco \" ><span  data-ico-fa=\"&#xf104;\" class=\"btIcoHolder\"><em><\/em><\/span><\/span><\/a><\/div><\/div><\/div><\/div><\/div><\/div><\/div><\/section><section id=\"bt_section69d858ad140bf\"  class=\"boldSection btDarkSkin gutter inherit wBackground cover\" style=\"background-color:#61b6f2;background-image:url('https:\/\/wisas.com.tr\/wp-content\/uploads\/2022\/08\/laboratuvarsonkurulum-resimJS-21.jpg');\"><div class=\"port\"><div class=\"boldCell\"><div class=\"boldCellInner\"><div class=\"boldRow  \" ><div class=\"boldRowInner\"><div class=\"rowItem col-md-8 col-ms-12 btTextLeft animate animate-fadein animate-moveright btMiddleVertical\"  ><div class=\"rowItemContent\" ><div class=\"btClear btSeparator topSpaced noBorder\" ><hr><\/div><header class=\"header btClear large btDash topDash  btAccentDash\" ><div class=\"btSuperTitle\">Bu \u00fcr\u00fcn hakk\u0131nda detayl\u0131 bilgilere mi ihtiyac\u0131n\u0131z var?<\/div><div class=\"dash\"><h2><span class=\"headline\">B\u0130Z S\u0130Z\u0130 ARAYALIM<\/span><\/h2><\/div><\/header><div class=\"btText\" ><div role=\"form\" class=\"wpcf7\" id=\"wpcf7-f1609-o1\" lang=\"en-US\" dir=\"ltr\">\n<div class=\"screen-reader-response\"><p role=\"status\" aria-live=\"polite\" aria-atomic=\"true\"><\/p> <ul><\/ul><\/div>\n<form action=\"\/tr\/wp-json\/wp\/v2\/pages\/2748#wpcf7-f1609-o1\" method=\"post\" class=\"wpcf7-form init\" novalidate=\"novalidate\" data-status=\"init\">\n<div style=\"display: none;\">\n<input type=\"hidden\" name=\"_wpcf7\" value=\"1609\" \/>\n<input type=\"hidden\" name=\"_wpcf7_version\" value=\"5.6.1\" \/>\n<input type=\"hidden\" name=\"_wpcf7_locale\" value=\"en_US\" \/>\n<input type=\"hidden\" name=\"_wpcf7_unit_tag\" value=\"wpcf7-f1609-o1\" \/>\n<input type=\"hidden\" name=\"_wpcf7_container_post\" value=\"0\" \/>\n<input type=\"hidden\" name=\"_wpcf7_posted_data_hash\" value=\"\" \/>\n<\/div>\n<p><label><span class=\"bt_bb_required\">Ad\u0131n\u0131z, Soyad\u0131n\u0131z?<\/span><\/p>\n<p>    <span class=\"wpcf7-form-control-wrap\" data-name=\"your-name\"><input type=\"text\" name=\"your-name\" value=\"\" size=\"40\" class=\"wpcf7-form-control wpcf7-text wpcf7-validates-as-required\" aria-required=\"true\" aria-invalid=\"false\" \/><\/span> <\/label><\/p>\n<p><label><span class=\"bt_bb_required\">E-mail Adresiniz?<\/span><br \/>\n    <span class=\"wpcf7-form-control-wrap\" data-name=\"your-email\"><input type=\"email\" name=\"your-email\" value=\"\" size=\"40\" class=\"wpcf7-form-control wpcf7-text wpcf7-email wpcf7-validates-as-required wpcf7-validates-as-email\" aria-required=\"true\" aria-invalid=\"false\" \/><\/span> <\/label><\/p>\n<p><label>Telefon Numaran\u0131z<br \/>\n    <span class=\"wpcf7-form-control-wrap\" data-name=\"your-subject\"><input type=\"text\" name=\"your-subject\" value=\"\" size=\"40\" class=\"wpcf7-form-control wpcf7-text\" aria-invalid=\"false\" \/><\/span> <\/label><\/p>\n<p><input type=\"submit\" value=\"G\u00d6NDER\" class=\"wpcf7-form-control has-spinner wpcf7-submit\" \/><\/p>\n<div class=\"wpcf7-response-output\" aria-hidden=\"true\"><\/div><\/form><\/div><\/div><div class=\"btClear btSeparator topSpaced noBorder\" ><hr><\/div><\/div><\/div><div class=\"rowItem col-md-4 col-ms-12 btTextLeft animate animate-fadein animate-moveleft btTopVertical btDoublePadding whatspp whatsppbgr wBackground cover\" style=\"background: rgba(0,0,0,.2);background-image: url(https:\/\/wisas.com.tr\/wp-content\/uploads\/2022\/08\/2229b-Kurtarildixxxxx.png);\" ><div class=\"rowItemContent\" ><div class=\"btClear btSeparator topSmallSpaced noBorder\" ><hr><\/div><header class=\"header btClear medium  btNormalDash\" ><div class=\"dash\"><h3><span class=\"headline\">Bize Whatsapp ileti\u015fim hatt\u0131m\u0131zdan ula\u015fabilirsiniz.<\/span><\/h3><\/div><\/header><div class=\"btClear btSeparator topSmallSpaced noBorder\" ><hr><\/div><a href=\"https:\/\/api.whatsapp.com\/send\/?phone=905539378845&amp;text=wisas.com.tr\" class=\"btBtn btBtn btnFilledStyle btnAlternateColor btnExtraSmall btnNormalWidth whabutton btnRightPosition btnNoIcon\"  target=\"_blank\"><span class=\"btnInnerText\">WHATSAPP \u0130LET\u0130\u015e\u0130M HATTI<\/span><\/a><div class=\"btClear btSeparator topSmallSpaced noBorder\" ><hr><\/div><\/div><\/div><\/div><\/div><\/div><\/div><\/div><\/section>","protected":false},"excerpt":{"rendered":"<p>STER\u0130L\u0130ZASYON KONTROL \u00dcR\u00dcNLER\u0130<\/p>\n","protected":false},"author":1,"featured_media":1990,"parent":0,"menu_order":0,"comment_status":"closed","ping_status":"closed","template":"","meta":[],"_links":{"self":[{"href":"https:\/\/wisas.com.tr\/tr\/wp-json\/wp\/v2\/pages\/2748"}],"collection":[{"href":"https:\/\/wisas.com.tr\/tr\/wp-json\/wp\/v2\/pages"}],"about":[{"href":"https:\/\/wisas.com.tr\/tr\/wp-json\/wp\/v2\/types\/page"}],"author":[{"embeddable":true,"href":"https:\/\/wisas.com.tr\/tr\/wp-json\/wp\/v2\/users\/1"}],"replies":[{"embeddable":true,"href":"https:\/\/wisas.com.tr\/tr\/wp-json\/wp\/v2\/comments?post=2748"}],"version-history":[{"count":3,"href":"https:\/\/wisas.com.tr\/tr\/wp-json\/wp\/v2\/pages\/2748\/revisions"}],"predecessor-version":[{"id":3061,"href":"https:\/\/wisas.com.tr\/tr\/wp-json\/wp\/v2\/pages\/2748\/revisions\/3061"}],"wp:featuredmedia":[{"embeddable":true,"href":"https:\/\/wisas.com.tr\/tr\/wp-json\/wp\/v2\/media\/1990"}],"wp:attachment":[{"href":"https:\/\/wisas.com.tr\/tr\/wp-json\/wp\/v2\/media?parent=2748"}],"curies":[{"name":"wp","href":"https:\/\/api.w.org\/{rel}","templated":true}]}}