{"id":2744,"date":"2022-08-30T16:17:38","date_gmt":"2022-08-30T16:17:38","guid":{"rendered":"https:\/\/wisas.com.tr\/?page_id=2744"},"modified":"2022-09-21T14:13:02","modified_gmt":"2022-09-21T14:13:02","slug":"alet-yaglayici-ve-bakim-spreyi","status":"publish","type":"page","link":"https:\/\/wisas.com.tr\/tr\/alet-yaglayici-ve-bakim-spreyi\/","title":{"rendered":"Alet Ya\u011flay\u0131c\u0131 ve Bak\u0131m Spreyi"},"content":{"rendered":"<section id=\"bt_section69d85ad454750\"  class=\"boldSection topSpaced bottomSpaced gutter inherit\" ><div class=\"port\"><div class=\"boldCell\"><div class=\"boldCellInner\"><div class=\"boldRow yanm \" ><div class=\"boldRowInner\"><div class=\"rowItem col-md-6 col-sm-12 btTextLeft animate animate-fadein inherit btDoublePadding icerik\"  ><div class=\"rowItemContent\" ><div class=\"bpgPhoto btTextCenter\" ><div class=\"btImage\"><img src=\"https:\/\/wisas.com.tr\/wp-content\/uploads\/2022\/08\/3333.jpg\" alt=\"\" title=\"\"><\/div><\/div><\/div><\/div><div class=\"rowItem col-md-6 col-sm-12 btTextLeft animate animate-fadein btMiddleVertical btDoublePadding icerik\"  ><div class=\"rowItemContent\" ><header class=\"header btClear medium  btAccentDash\" ><div class=\"dash\"><h3><span class=\"headline\">Alet Ya\u011flay\u0131c\u0131 Ve Bak\u0131m Spreyi<\/span><\/h3><\/div><\/header><div class=\"btText\" ><p><em>W\u0130SAS<\/em> Alet Ya\u011flay\u0131c\u0131 Cerrahi aletlerde kullan\u0131lan aletlerin bak\u0131m, koruma ve yag\u0306lanmas\u0131nda kullan\u0131lan bir u\u0308ru\u0308ndu\u0308r. Yu\u0308ksek \u0131s\u0131 ve kimyasal tepkime sonucu cerrahi alet yu\u0308zeyinde olus\u0327an kirlerin (su buhar\u0131 lekesi, betadin ve protein lekeleri gibi) tutunmas\u0131n\u0131 engeller. Parlak ve temiz bir go\u0308ru\u0308nu\u0308m verir. Cerrahi aletlerinin u\u0308zerinde siman, aljinat, c\u0327inko oksit, karboksilat ve fosfat vb. gibi kimyasallar\u0131n tutunmas\u0131n\u0131 azaltan koruyucu bir tabaka olus\u0327turur. Temizlik ve dezenfeksiyon is\u0327lemi bitmis\u0327, sterilizasyon is\u0327lemine haz\u0131r cerrahi aletlerin u\u0308zerine belli mesafeden s\u0131k\u0131l\u0131r. Sprey s\u0131k\u0131ld\u0131ktan sonra hehangi bir silme ve temizleme is\u0327lemi yap\u0131lmadan sterilizasyon is\u0327lemine gec\u0327ilir.<\/p>\n<\/div><\/div><\/div><\/div><\/div><\/div><\/div><\/div><\/section><section id=\"bt_section69d85ad454b09\"  class=\"boldSection topSpaced bottomSpaced gutter inherit\" ><div class=\"port\"><div class=\"boldCell\"><div class=\"boldCellInner\"><div class=\"boldRow  \" ><div class=\"boldRowInner\"><div class=\"rowItem col-md-12 col-ms-12  btTextCenter animate animate-fadein inherit\"  ><div class=\"rowItemContent\" ><a href=\"https:\/\/wisas.com.tr\/tr\/sterilizasyon-koruyucu-urunler\/\" class=\"btBtn btBtn btnFilledStyle btnAlternateColor btnMedium btnNormalWidth btnLeftPosition btnIco\" style=\"margin-bottom: -30px;\"><span class=\"btnInnerText\">T\u00dcM STER\u0130L\u0130ZASYON KORUYUCU \u00dcR\u00dcNLER<\/span><span class=\"btIco \" ><span  data-ico-fa=\"&#xf104;\" class=\"btIcoHolder\"><em><\/em><\/span><\/span><\/a><\/div><\/div><\/div><\/div><\/div><\/div><\/div><\/section><section id=\"bt_section69d85ad454d70\"  class=\"boldSection btDarkSkin gutter inherit wBackground cover\" style=\"background-color:#61b6f2;background-image:url('https:\/\/wisas.com.tr\/wp-content\/uploads\/2022\/08\/laboratuvarsonkurulum-resimJS-21.jpg');\"><div class=\"port\"><div class=\"boldCell\"><div class=\"boldCellInner\"><div class=\"boldRow  \" ><div class=\"boldRowInner\"><div class=\"rowItem col-md-8 col-ms-12 btTextLeft animate animate-fadein animate-moveright btMiddleVertical\"  ><div class=\"rowItemContent\" ><div class=\"btClear btSeparator topSpaced noBorder\" ><hr><\/div><header class=\"header btClear large btDash topDash  btAccentDash\" ><div class=\"btSuperTitle\">Bu \u00fcr\u00fcn hakk\u0131nda detayl\u0131 bilgilere mi ihtiyac\u0131n\u0131z var?<\/div><div class=\"dash\"><h2><span class=\"headline\">B\u0130Z S\u0130Z\u0130 ARAYALIM<\/span><\/h2><\/div><\/header><div class=\"btText\" ><div role=\"form\" class=\"wpcf7\" id=\"wpcf7-f1609-o1\" lang=\"en-US\" dir=\"ltr\">\n<div class=\"screen-reader-response\"><p role=\"status\" aria-live=\"polite\" aria-atomic=\"true\"><\/p> <ul><\/ul><\/div>\n<form action=\"\/tr\/wp-json\/wp\/v2\/pages\/2744#wpcf7-f1609-o1\" method=\"post\" class=\"wpcf7-form init\" novalidate=\"novalidate\" data-status=\"init\">\n<div style=\"display: none;\">\n<input type=\"hidden\" name=\"_wpcf7\" value=\"1609\" \/>\n<input type=\"hidden\" name=\"_wpcf7_version\" value=\"5.6.1\" \/>\n<input type=\"hidden\" name=\"_wpcf7_locale\" value=\"en_US\" \/>\n<input type=\"hidden\" name=\"_wpcf7_unit_tag\" value=\"wpcf7-f1609-o1\" \/>\n<input type=\"hidden\" name=\"_wpcf7_container_post\" value=\"0\" \/>\n<input type=\"hidden\" name=\"_wpcf7_posted_data_hash\" value=\"\" \/>\n<\/div>\n<p><label><span class=\"bt_bb_required\">Ad\u0131n\u0131z, Soyad\u0131n\u0131z?<\/span><\/p>\n<p>    <span class=\"wpcf7-form-control-wrap\" data-name=\"your-name\"><input type=\"text\" name=\"your-name\" value=\"\" size=\"40\" class=\"wpcf7-form-control wpcf7-text wpcf7-validates-as-required\" aria-required=\"true\" aria-invalid=\"false\" \/><\/span> <\/label><\/p>\n<p><label><span class=\"bt_bb_required\">E-mail Adresiniz?<\/span><br \/>\n    <span class=\"wpcf7-form-control-wrap\" data-name=\"your-email\"><input type=\"email\" name=\"your-email\" value=\"\" size=\"40\" class=\"wpcf7-form-control wpcf7-text wpcf7-email wpcf7-validates-as-required wpcf7-validates-as-email\" aria-required=\"true\" aria-invalid=\"false\" \/><\/span> <\/label><\/p>\n<p><label>Telefon Numaran\u0131z<br \/>\n    <span class=\"wpcf7-form-control-wrap\" data-name=\"your-subject\"><input type=\"text\" name=\"your-subject\" value=\"\" size=\"40\" class=\"wpcf7-form-control wpcf7-text\" aria-invalid=\"false\" \/><\/span> <\/label><\/p>\n<p><input type=\"submit\" value=\"G\u00d6NDER\" class=\"wpcf7-form-control has-spinner wpcf7-submit\" \/><\/p>\n<div class=\"wpcf7-response-output\" aria-hidden=\"true\"><\/div><\/form><\/div><\/div><div class=\"btClear btSeparator topSpaced noBorder\" ><hr><\/div><\/div><\/div><div class=\"rowItem col-md-4 col-ms-12 btTextLeft animate animate-fadein animate-moveleft btTopVertical btDoublePadding whatspp whatsppbgr wBackground cover\" style=\"background: rgba(0,0,0,.2);background-image: url(https:\/\/wisas.com.tr\/wp-content\/uploads\/2022\/08\/2229b-Kurtarildixxxxx.png);\" ><div class=\"rowItemContent\" ><div class=\"btClear btSeparator topSmallSpaced noBorder\" ><hr><\/div><header class=\"header btClear medium  btNormalDash\" ><div class=\"dash\"><h3><span class=\"headline\">Bize Whatsapp ileti\u015fim hatt\u0131m\u0131zdan ula\u015fabilirsiniz.<\/span><\/h3><\/div><\/header><div class=\"btClear btSeparator topSmallSpaced noBorder\" ><hr><\/div><a href=\"https:\/\/api.whatsapp.com\/send\/?phone=905539378845&amp;text=wisas.com.tr\" class=\"btBtn btBtn btnFilledStyle btnAlternateColor btnExtraSmall btnNormalWidth whabutton btnRightPosition btnNoIcon\"  target=\"_blank\"><span class=\"btnInnerText\">WHATSAPP \u0130LET\u0130\u015e\u0130M HATTI<\/span><\/a><div class=\"btClear btSeparator topSmallSpaced noBorder\" ><hr><\/div><\/div><\/div><\/div><\/div><\/div><\/div><\/div><\/section>","protected":false},"excerpt":{"rendered":"<p>STER\u0130L\u0130ZASYON KONTROL \u00dcR\u00dcNLER\u0130<\/p>\n","protected":false},"author":1,"featured_media":1990,"parent":0,"menu_order":0,"comment_status":"closed","ping_status":"closed","template":"","meta":[],"_links":{"self":[{"href":"https:\/\/wisas.com.tr\/tr\/wp-json\/wp\/v2\/pages\/2744"}],"collection":[{"href":"https:\/\/wisas.com.tr\/tr\/wp-json\/wp\/v2\/pages"}],"about":[{"href":"https:\/\/wisas.com.tr\/tr\/wp-json\/wp\/v2\/types\/page"}],"author":[{"embeddable":true,"href":"https:\/\/wisas.com.tr\/tr\/wp-json\/wp\/v2\/users\/1"}],"replies":[{"embeddable":true,"href":"https:\/\/wisas.com.tr\/tr\/wp-json\/wp\/v2\/comments?post=2744"}],"version-history":[{"count":3,"href":"https:\/\/wisas.com.tr\/tr\/wp-json\/wp\/v2\/pages\/2744\/revisions"}],"predecessor-version":[{"id":3063,"href":"https:\/\/wisas.com.tr\/tr\/wp-json\/wp\/v2\/pages\/2744\/revisions\/3063"}],"wp:featuredmedia":[{"embeddable":true,"href":"https:\/\/wisas.com.tr\/tr\/wp-json\/wp\/v2\/media\/1990"}],"wp:attachment":[{"href":"https:\/\/wisas.com.tr\/tr\/wp-json\/wp\/v2\/media?parent=2744"}],"curies":[{"name":"wp","href":"https:\/\/api.w.org\/{rel}","templated":true}]}}