{"id":2725,"date":"2022-08-30T16:07:28","date_gmt":"2022-08-30T16:07:28","guid":{"rendered":"https:\/\/wisas.com.tr\/?page_id=2725"},"modified":"2022-09-21T14:13:24","modified_gmt":"2022-09-21T14:13:24","slug":"otoklav-conta-spreyi","status":"publish","type":"page","link":"https:\/\/wisas.com.tr\/tr\/otoklav-conta-spreyi\/","title":{"rendered":"Otoklav Conta Spreyi"},"content":{"rendered":"<section id=\"bt_section69d85b07ea3c5\"  class=\"boldSection topSpaced bottomSpaced gutter inherit\" ><div class=\"port\"><div class=\"boldCell\"><div class=\"boldCellInner\"><div class=\"boldRow yanm \" ><div class=\"boldRowInner\"><div class=\"rowItem col-md-6 col-sm-12 btTextLeft animate animate-fadein inherit btDoublePadding icerik\"  ><div class=\"rowItemContent\" ><div class=\"bpgPhoto btTextCenter\" ><div class=\"btImage\"><img src=\"https:\/\/wisas.com.tr\/wp-content\/uploads\/2022\/08\/111.jpg\" alt=\"\" title=\"\"><\/div><\/div><\/div><\/div><div class=\"rowItem col-md-6 col-sm-12 btTextLeft animate animate-fadein btMiddleVertical btDoublePadding icerik\"  ><div class=\"rowItemContent\" ><header class=\"header btClear medium  btAccentDash\" ><div class=\"dash\"><h3><span class=\"headline\">Otoklav Conta Spreyi<\/span><\/h3><\/div><\/header><div class=\"btText\" ><p><em>W\u0130SAS<\/em> Conta Spreyi Hastanelerde otoklav cihazlar\u0131n\u0131n kapak contas\u0131n\u0131n bak\u0131m\u0131 ve yap\u0131s\u0327mamas\u0131 ic\u0327in kullan\u0131l\u0131r. Uygulanan conta ve malzemeyi sertles\u0327tirmez. Yap\u0131s\u0327may\u0131 o\u0308nleyici izole o\u0308zellig\u0306i vard\u0131r. Kullan\u0131lan yu\u0308zeyde ince bir silikon tabakas\u0131 olus\u0327turur. Otoklav contas\u0131 ve kapag\u0306\u0131 ic\u0327in ideal bak\u0131m u\u0308ru\u0308nu\u0308du\u0308r. U\u0308stu\u0308n kayd\u0131r\u0131c\u0131 o\u0308zellig\u0306ine sahiptir. Suya kars\u0327\u0131 yu\u0308ksek direnc\u0327 go\u0308sterir. Plastik parc\u0327alar\u0131 parlat\u0131r. K\u0131r\u0131lganl\u0131k ve c\u0327atlak olus\u0327umuna engel olur. Lastik parc\u0327alar\u0131n bak\u0131m\u0131n\u0131 yapar, yu\u0308zeyler s\u0131cak ve sog\u0306uktan etkilenmez, yap\u0131s\u0327maz ve c\u0327atlamazlar. Kauc\u0327uk, plastik ve metal parc\u0327alar ic\u0327in mu\u0308kemmel bir u\u0308ru\u0308ndu\u0308r. C\u0327es\u0327itli malzemelerin (metal\/ plastik vb.) su\u0308rtmesinden kaynaklanan ses ve gu\u0308ru\u0308ltu\u0308leri o\u0308nler. Antistatik o\u0308zellikte olup yu\u0308ksek s\u0131cakl\u0131ktaki uygulamalarda mu\u0308kemmel sonuc\u0327 verir. S\u0131cakl\u0131k dayan\u0131m\u0131: -50\u00b0C\/+300\u00b0C<\/p>\n<\/div><\/div><\/div><\/div><\/div><\/div><\/div><\/div><\/section><section id=\"bt_section69d85b07ea882\"  class=\"boldSection topSpaced bottomSpaced gutter inherit\" ><div class=\"port\"><div class=\"boldCell\"><div class=\"boldCellInner\"><div class=\"boldRow  \" ><div class=\"boldRowInner\"><div class=\"rowItem col-md-12 col-ms-12  btTextCenter animate animate-fadein inherit\"  ><div class=\"rowItemContent\" ><a href=\"https:\/\/wisas.com.tr\/tr\/sterilizasyon-koruyucu-urunler\/\" class=\"btBtn btBtn btnFilledStyle btnAlternateColor btnMedium btnNormalWidth btnLeftPosition btnIco\" style=\"margin-bottom: -30px;\"><span class=\"btnInnerText\">T\u00dcM STER\u0130L\u0130ZASYON KORUYUCU \u00dcR\u00dcNLER\u0130<\/span><span class=\"btIco \" ><span  data-ico-fa=\"&#xf104;\" class=\"btIcoHolder\"><em><\/em><\/span><\/span><\/a><\/div><\/div><\/div><\/div><\/div><\/div><\/div><\/section><section id=\"bt_section69d85b07eab25\"  class=\"boldSection btDarkSkin gutter inherit wBackground cover\" style=\"background-color:#61b6f2;background-image:url('https:\/\/wisas.com.tr\/wp-content\/uploads\/2022\/08\/laboratuvarsonkurulum-resimJS-21.jpg');\"><div class=\"port\"><div class=\"boldCell\"><div class=\"boldCellInner\"><div class=\"boldRow  \" ><div class=\"boldRowInner\"><div class=\"rowItem col-md-8 col-ms-12 btTextLeft animate animate-fadein animate-moveright btMiddleVertical\"  ><div class=\"rowItemContent\" ><div class=\"btClear btSeparator topSpaced noBorder\" ><hr><\/div><header class=\"header btClear large btDash topDash  btAccentDash\" ><div class=\"btSuperTitle\">Bu \u00fcr\u00fcn hakk\u0131nda detayl\u0131 bilgilere mi ihtiyac\u0131n\u0131z var?<\/div><div class=\"dash\"><h2><span class=\"headline\">B\u0130Z S\u0130Z\u0130 ARAYALIM<\/span><\/h2><\/div><\/header><div class=\"btText\" ><div role=\"form\" class=\"wpcf7\" id=\"wpcf7-f1609-o1\" lang=\"en-US\" dir=\"ltr\">\n<div class=\"screen-reader-response\"><p role=\"status\" aria-live=\"polite\" aria-atomic=\"true\"><\/p> <ul><\/ul><\/div>\n<form action=\"\/tr\/wp-json\/wp\/v2\/pages\/2725#wpcf7-f1609-o1\" method=\"post\" class=\"wpcf7-form init\" novalidate=\"novalidate\" data-status=\"init\">\n<div style=\"display: none;\">\n<input type=\"hidden\" name=\"_wpcf7\" value=\"1609\" \/>\n<input type=\"hidden\" name=\"_wpcf7_version\" value=\"5.6.1\" \/>\n<input type=\"hidden\" name=\"_wpcf7_locale\" value=\"en_US\" \/>\n<input type=\"hidden\" name=\"_wpcf7_unit_tag\" value=\"wpcf7-f1609-o1\" \/>\n<input type=\"hidden\" name=\"_wpcf7_container_post\" value=\"0\" \/>\n<input type=\"hidden\" name=\"_wpcf7_posted_data_hash\" value=\"\" \/>\n<\/div>\n<p><label><span class=\"bt_bb_required\">Ad\u0131n\u0131z, Soyad\u0131n\u0131z?<\/span><\/p>\n<p>    <span class=\"wpcf7-form-control-wrap\" data-name=\"your-name\"><input type=\"text\" name=\"your-name\" value=\"\" size=\"40\" class=\"wpcf7-form-control wpcf7-text wpcf7-validates-as-required\" aria-required=\"true\" aria-invalid=\"false\" \/><\/span> <\/label><\/p>\n<p><label><span class=\"bt_bb_required\">E-mail Adresiniz?<\/span><br \/>\n    <span class=\"wpcf7-form-control-wrap\" data-name=\"your-email\"><input type=\"email\" name=\"your-email\" value=\"\" size=\"40\" class=\"wpcf7-form-control wpcf7-text wpcf7-email wpcf7-validates-as-required wpcf7-validates-as-email\" aria-required=\"true\" aria-invalid=\"false\" \/><\/span> <\/label><\/p>\n<p><label>Telefon Numaran\u0131z<br \/>\n    <span class=\"wpcf7-form-control-wrap\" data-name=\"your-subject\"><input type=\"text\" name=\"your-subject\" value=\"\" size=\"40\" class=\"wpcf7-form-control wpcf7-text\" aria-invalid=\"false\" \/><\/span> <\/label><\/p>\n<p><input type=\"submit\" value=\"G\u00d6NDER\" class=\"wpcf7-form-control has-spinner wpcf7-submit\" \/><\/p>\n<div class=\"wpcf7-response-output\" aria-hidden=\"true\"><\/div><\/form><\/div><\/div><div class=\"btClear btSeparator topSpaced noBorder\" ><hr><\/div><\/div><\/div><div class=\"rowItem col-md-4 col-ms-12 btTextLeft animate animate-fadein animate-moveleft btTopVertical btDoublePadding whatspp whatsppbgr wBackground cover\" style=\"background: rgba(0,0,0,.2);background-image: url(https:\/\/wisas.com.tr\/wp-content\/uploads\/2022\/08\/2229b-Kurtarildixxxxx.png);\" ><div class=\"rowItemContent\" ><div class=\"btClear btSeparator topSmallSpaced noBorder\" ><hr><\/div><header class=\"header btClear medium  btNormalDash\" ><div class=\"dash\"><h3><span class=\"headline\">Bize Whatsapp ileti\u015fim hatt\u0131m\u0131zdan ula\u015fabilirsiniz.<\/span><\/h3><\/div><\/header><div class=\"btClear btSeparator topSmallSpaced noBorder\" ><hr><\/div><a href=\"https:\/\/api.whatsapp.com\/send\/?phone=905539378845&amp;text=wisas.com.tr\" class=\"btBtn btBtn btnFilledStyle btnAlternateColor btnExtraSmall btnNormalWidth whabutton btnRightPosition btnNoIcon\"  target=\"_blank\"><span class=\"btnInnerText\">WHATSAPP \u0130LET\u0130\u015e\u0130M HATTI<\/span><\/a><div class=\"btClear btSeparator topSmallSpaced noBorder\" ><hr><\/div><\/div><\/div><\/div><\/div><\/div><\/div><\/div><\/section>","protected":false},"excerpt":{"rendered":"<p>STER\u0130L\u0130ZASYON KONTROL \u00dcR\u00dcNLER\u0130<\/p>\n","protected":false},"author":1,"featured_media":1990,"parent":0,"menu_order":0,"comment_status":"closed","ping_status":"closed","template":"","meta":[],"_links":{"self":[{"href":"https:\/\/wisas.com.tr\/tr\/wp-json\/wp\/v2\/pages\/2725"}],"collection":[{"href":"https:\/\/wisas.com.tr\/tr\/wp-json\/wp\/v2\/pages"}],"about":[{"href":"https:\/\/wisas.com.tr\/tr\/wp-json\/wp\/v2\/types\/page"}],"author":[{"embeddable":true,"href":"https:\/\/wisas.com.tr\/tr\/wp-json\/wp\/v2\/users\/1"}],"replies":[{"embeddable":true,"href":"https:\/\/wisas.com.tr\/tr\/wp-json\/wp\/v2\/comments?post=2725"}],"version-history":[{"count":7,"href":"https:\/\/wisas.com.tr\/tr\/wp-json\/wp\/v2\/pages\/2725\/revisions"}],"predecessor-version":[{"id":3065,"href":"https:\/\/wisas.com.tr\/tr\/wp-json\/wp\/v2\/pages\/2725\/revisions\/3065"}],"wp:featuredmedia":[{"embeddable":true,"href":"https:\/\/wisas.com.tr\/tr\/wp-json\/wp\/v2\/media\/1990"}],"wp:attachment":[{"href":"https:\/\/wisas.com.tr\/tr\/wp-json\/wp\/v2\/media?parent=2725"}],"curies":[{"name":"wp","href":"https:\/\/api.w.org\/{rel}","templated":true}]}}