{"id":2475,"date":"2022-08-28T12:36:38","date_gmt":"2022-08-28T12:36:38","guid":{"rendered":"https:\/\/wisas.com.tr\/?page_id=2475"},"modified":"2022-09-22T09:27:37","modified_gmt":"2022-09-22T09:27:37","slug":"sterilizasyon-koruyucu-urunler","status":"publish","type":"page","link":"https:\/\/wisas.com.tr\/tr\/sterilizasyon-koruyucu-urunler\/","title":{"rendered":"Sterilizasyon Koruyucu \u00dcr\u00fcnler"},"content":{"rendered":"<section id=\"bt_section69d83f6a6a25e\"  class=\"boldSection topSpaced bottomSmallSpaced gutter inherit kategori\" style=\"margin-top: -20px; position: relative; z-index: 1;\"><div class=\"port\"><div class=\"boldCell\"><div class=\"boldCellInner\"><div class=\"boldRow  \" ><div class=\"boldRowInner\"><div class=\"rowItem col-md-3 col-sm-6 col-ms-12 btTextCenter animate animate-fadein animate-moveup btTextIndent inherit\" style=\"margin-bottom: 10px;\" ><div class=\"rowItemContent\" style = \"background-color:#f1f1f1;\"><div class=\"bpgPhoto btTextCenter\" > \r\n\t\t\t\t\t<a href=\"https:\/\/wisas.com.tr\/tr\/otoklav-conta-spreyi\/\" target=\"_self\" title=\"\"><\/a>\r\n\t\t\t\t\t<div class=\"boldPhotoBox\"><div class=\"bpbItem\"><div class = \"btImage\"><img src=\"https:\/\/wisas.com.tr\/wp-content\/uploads\/2022\/08\/sprey1.jpg\" alt=\"\" title=\"\" ><\/div><\/div><\/div>\r\n\t\t\t\t\t<div class=\"captionPane\">\r\n\t\t\t\t\t\t<div class=\"captionTable\">\r\n\t\t\t\t\t\t\t<div class=\"captionCell\">\r\n\t\t\t\t\t\t\t\t<div class=\"captionTxt\"><\/div>\r\n\t\t\t\t\t\t\t<\/div>\r\n\t\t\t\t\t\t<\/div>\r\n\t\t\t\t\t<\/div><\/div><div class=\"btIconImageRow kontrolico btIconsHalfHoverPosition\" ><span class=\"btIco btIcoFilledType btIcoBigSize btIcoAccentColor   \" ><a href=\"https:\/\/wisas.com.tr\/buhar-kimyasal-indikatorleri-type-4-5-6\/\"  target = \"no_target\" data-ico-hp=\"&#xe915;\" class=\"btIcoHolder\"><em><\/em><\/a><\/span><\/div><div class=\"btClear btSeparator topExtraSmallSpaced noBorder\" ><hr><\/div><header class=\"header btClear medium btDash topDash kategoribaslik btAccentDash\" ><div class=\"dash\"><h3><span class=\"headline\">OTOKLAV CONTA SPREY\u0130<\/span><\/h3><\/div><\/header><div class=\"btText\" ><p><a href=\"https:\/\/wisas.com.tr\/tr\/otoklav-conta-spreyi\/\">W\u0130SAS Conta Spreyi Hastanelerde otoklav cihazlar\u0131n\u0131n kapak contas\u0131n\u0131n bak\u0131m\u0131 ve yap\u0131s\u0327mamas\u0131 ic\u0327in kullan\u0131l\u0131r. <\/a><\/p>\n<\/div><div class=\"btClear btSeparator topExtraSmallSpaced bottomSmallSpaced noBorder\" ><hr><\/div><a href=\"https:\/\/wisas.com.tr\/tr\/otoklav-conta-spreyi\/\" class=\"btBtn btBtn btnFilledStyle btnAlternateColor btnExtraSmall btnNormalWidth btnRightPosition btnNoIcon\" ><span class=\"btnInnerText\">\u00dcR\u00dcN AYRINTILARI<\/span><\/a><div class=\"btClear btSeparator topExtraSmallSpaced bottomSmallSpaced noBorder\" ><hr><\/div><\/div><\/div><div class=\"rowItem col-md-3 col-sm-6 col-ms-12 btTextCenter animate animate-fadein animate-moveup btTextIndent inherit\" style=\"margin-bottom: 10px;\" ><div class=\"rowItemContent\" style = \"background-color:#f1f1f1;\"><div class=\"bpgPhoto btTextCenter\" > \r\n\t\t\t\t\t<a href=\"https:\/\/wisas.com.tr\/tr\/otoklav-temizleme-spreyi\/\" target=\"_self\" title=\"\"><\/a>\r\n\t\t\t\t\t<div class=\"boldPhotoBox\"><div class=\"bpbItem\"><div class = \"btImage\"><img src=\"https:\/\/wisas.com.tr\/wp-content\/uploads\/2022\/08\/sprey2-kopya.jpg\" alt=\"\" title=\"\" ><\/div><\/div><\/div>\r\n\t\t\t\t\t<div class=\"captionPane\">\r\n\t\t\t\t\t\t<div class=\"captionTable\">\r\n\t\t\t\t\t\t\t<div class=\"captionCell\">\r\n\t\t\t\t\t\t\t\t<div class=\"captionTxt\"><\/div>\r\n\t\t\t\t\t\t\t<\/div>\r\n\t\t\t\t\t\t<\/div>\r\n\t\t\t\t\t<\/div><\/div><div class=\"btIconImageRow kontrolico btIconsHalfHoverPosition\" ><span class=\"btIco btIcoFilledType btIcoBigSize btIcoAccentColor   \" ><span  data-ico-hp=\"&#xe915;\" class=\"btIcoHolder\"><em><\/em><\/span><\/span><\/div><div class=\"btClear btSeparator topExtraSmallSpaced noBorder\" ><hr><\/div><header class=\"header btClear medium btDash topDash kategoribaslik btAccentDash\" ><div class=\"dash\"><h3><span class=\"headline\">OTOKLAV TEM\u0130ZLEME SPREY\u0130<\/span><\/h3><\/div><\/header><div class=\"btText\" ><p><a href=\"https:\/\/wisas.com.tr\/tr\/otoklav-temizleme-spreyi\/\">WI\u0307SAS Temizleme Spreyi paslanmaz metal yu\u0308zeylerde kullan\u0131ma uygundur. Otoklav i\u00e7 y\u00fczeyleri ve tepsilerinde&#8230;<\/a><\/p>\n<\/div><div class=\"btClear btSeparator topExtraSmallSpaced bottomSmallSpaced noBorder\" ><hr><\/div><a href=\"https:\/\/wisas.com.tr\/tr\/otoklav-temizleme-spreyi\/\" class=\"btBtn btBtn btnFilledStyle btnAlternateColor btnExtraSmall btnNormalWidth btnRightPosition btnNoIcon\" ><span class=\"btnInnerText\">\u00dcR\u00dcN AYRINTILARI<\/span><\/a><div class=\"btClear btSeparator topExtraSmallSpaced bottomSmallSpaced noBorder\" ><hr><\/div><\/div><\/div><div class=\"rowItem col-md-3 col-sm-6 col-ms-12 btTextCenter animate animate-fadein animate-moveup btTextIndent inherit\" style=\"margin-bottom: 10px;\" ><div class=\"rowItemContent\" style = \"background-color:#f1f1f1;\"><div class=\"bpgPhoto btTextCenter\" > \r\n\t\t\t\t\t<a href=\"https:\/\/wisas.com.tr\/tr\/alet-yaglayici-ve-bakim-spreyi\/\" target=\"_self\" title=\"\"><\/a>\r\n\t\t\t\t\t<div class=\"boldPhotoBox\"><div class=\"bpbItem\"><div class = \"btImage\"><img src=\"https:\/\/wisas.com.tr\/wp-content\/uploads\/2022\/08\/sprey3.jpg\" alt=\"\" title=\"\" ><\/div><\/div><\/div>\r\n\t\t\t\t\t<div class=\"captionPane\">\r\n\t\t\t\t\t\t<div class=\"captionTable\">\r\n\t\t\t\t\t\t\t<div class=\"captionCell\">\r\n\t\t\t\t\t\t\t\t<div class=\"captionTxt\"><\/div>\r\n\t\t\t\t\t\t\t<\/div>\r\n\t\t\t\t\t\t<\/div>\r\n\t\t\t\t\t<\/div><\/div><div class=\"btIconImageRow kontrolico btIconsHalfHoverPosition\" ><span class=\"btIco btIcoFilledType btIcoBigSize btIcoAccentColor   \" ><span  data-ico-hp=\"&#xe915;\" class=\"btIcoHolder\"><em><\/em><\/span><\/span><\/div><div class=\"btClear btSeparator topExtraSmallSpaced noBorder\" ><hr><\/div><header class=\"header btClear medium btDash topDash kategoribaslik btAccentDash\" ><div class=\"dash\"><h3><span class=\"headline\">ALET YA\u011eLAYICI VE BAKIM SPREY\u0130 <\/span><\/h3><\/div><\/header><div class=\"btText\" ><p><a href=\"https:\/\/wisas.com.tr\/tr\/alet-yaglayici-ve-bakim-spreyi\/\">W\u0130SAS Alet Ya\u011flay\u0131c\u0131 Cerrahi aletlerde kullan\u0131lan aletlerin bak\u0131m, koruma ve yag\u0306lanmas\u0131nda kullan\u0131lan bir u\u0308ru\u0308ndu\u0308r. <\/a><\/p>\n<\/div><div class=\"btClear btSeparator topExtraSmallSpaced bottomSmallSpaced noBorder\" ><hr><\/div><a href=\"https:\/\/wisas.com.tr\/tr\/alet-yaglayici-ve-bakim-spreyi\/\" class=\"btBtn btBtn btnFilledStyle btnAlternateColor btnExtraSmall btnNormalWidth btnRightPosition btnNoIcon\" ><span class=\"btnInnerText\">\u00dcR\u00dcN AYRINTILARI<\/span><\/a><div class=\"btClear btSeparator topExtraSmallSpaced bottomSmallSpaced noBorder\" ><hr><\/div><\/div><\/div><div class=\"rowItem col-md-3 col-sm-6 col-ms-12 btTextCenter animate animate-fadein animate-moveup btTextIndent inherit\" style=\"margin-bottom: 10px;\" ><div class=\"rowItemContent\" style = \"background-color:#f1f1f1;\"><div class=\"bpgPhoto btTextCenter\" > \r\n\t\t\t\t\t<a href=\"https:\/\/wisas.com.tr\/tr\/hava-su-tabancasi\/\" target=\"_self\" title=\"\"><\/a>\r\n\t\t\t\t\t<div class=\"boldPhotoBox\"><div class=\"bpbItem\"><div class = \"btImage\"><img src=\"https:\/\/wisas.com.tr\/wp-content\/uploads\/2022\/08\/hava.jpg\" alt=\"\" title=\"\" ><\/div><\/div><\/div>\r\n\t\t\t\t\t<div class=\"captionPane\">\r\n\t\t\t\t\t\t<div class=\"captionTable\">\r\n\t\t\t\t\t\t\t<div class=\"captionCell\">\r\n\t\t\t\t\t\t\t\t<div class=\"captionTxt\"><\/div>\r\n\t\t\t\t\t\t\t<\/div>\r\n\t\t\t\t\t\t<\/div>\r\n\t\t\t\t\t<\/div><\/div><div class=\"btIconImageRow kontrolico btIconsHalfHoverPosition\" ><span class=\"btIco btIcoFilledType btIcoBigSize btIcoAccentColor   \" ><span  data-ico-hp=\"&#xe915;\" class=\"btIcoHolder\"><em><\/em><\/span><\/span><\/div><div class=\"btClear btSeparator topExtraSmallSpaced noBorder\" ><hr><\/div><header class=\"header btClear medium btDash topDash kategoribaslik btAccentDash\" ><div class=\"dash\"><h3><span class=\"headline\">HAVA &amp; SU TABANCASI<\/span><\/h3><\/div><\/header><div class=\"btText\" ><p><a href=\"https:\/\/wisas.com.tr\/tr\/hava-su-tabancasi\/\">Bas\u0131n\u00e7l\u0131 hava-su tabancas\u0131 a\u011f\u0131rl\u0131kl\u0131 olarak hastanelerde endeskop odalar\u0131nda, Merkezi sterilizasyonlar\u0131n kirli alanlar\u0131nda<\/a><\/p>\n<\/div><div class=\"btClear btSeparator topExtraSmallSpaced bottomSmallSpaced noBorder\" ><hr><\/div><a href=\"https:\/\/wisas.com.tr\/tr\/hava-su-tabancasi\/\" class=\"btBtn btBtn btnFilledStyle btnAlternateColor btnExtraSmall btnNormalWidth btnRightPosition btnNoIcon\" ><span class=\"btnInnerText\">\u00dcR\u00dcN AYRINTILARI<\/span><\/a><div class=\"btClear btSeparator topExtraSmallSpaced bottomSmallSpaced noBorder\" ><hr><\/div><\/div><\/div><\/div><\/div><\/div><\/div><\/div><\/section><section id=\"bt_section69d83f6a6bad4\"  class=\"boldSection topSemiSpaced bottomSpaced gutter inherit kategori\" style=\"margin-top: -20px; position: relative; z-index: 1;\"><div class=\"port\"><div class=\"boldCell\"><div class=\"boldCellInner\"><div class=\"boldRow  \" ><div class=\"boldRowInner\"><div class=\"rowItem col-md-3 col-sm-6 col-ms-12 btTextCenter animate animate-fadein animate-moveup btTextIndent inherit\" style=\"margin-bottom: 10px;\" ><div class=\"rowItemContent\" style = \"background-color:#f1f1f1;\"><div class=\"bpgPhoto btTextCenter\" > \r\n\t\t\t\t\t<a href=\"https:\/\/wisas.com.tr\/tr\/otaklav-eldiveni\/\" target=\"_self\" title=\"\"><\/a>\r\n\t\t\t\t\t<div class=\"boldPhotoBox\"><div class=\"bpbItem\"><div class = \"btImage\"><img src=\"https:\/\/wisas.com.tr\/wp-content\/uploads\/2022\/08\/otaklav.jpg\" alt=\"\" title=\"\" ><\/div><\/div><\/div>\r\n\t\t\t\t\t<div class=\"captionPane\">\r\n\t\t\t\t\t\t<div class=\"captionTable\">\r\n\t\t\t\t\t\t\t<div class=\"captionCell\">\r\n\t\t\t\t\t\t\t\t<div class=\"captionTxt\"><\/div>\r\n\t\t\t\t\t\t\t<\/div>\r\n\t\t\t\t\t\t<\/div>\r\n\t\t\t\t\t<\/div><\/div><div class=\"btIconImageRow kontrolico btIconsHalfHoverPosition\" ><span class=\"btIco btIcoFilledType btIcoBigSize btIcoAccentColor   \" ><a href=\"https:\/\/wisas.com.tr\/buhar-kimyasal-indikatorleri-type-4-5-6\/\"  target = \"no_target\" data-ico-hp=\"&#xe915;\" class=\"btIcoHolder\"><em><\/em><\/a><\/span><\/div><div class=\"btClear btSeparator topExtraSmallSpaced noBorder\" ><hr><\/div><header class=\"header btClear medium btDash topDash kategoribaslik btAccentDash\" ><div class=\"dash\"><h3><span class=\"headline\">OTAKLAV ELD\u0130VEN\u0130<\/span><\/h3><\/div><\/header><div class=\"btText\" ><p><a href=\"https:\/\/wisas.com.tr\/tr\/otaklav-eldiveni\/\">Yumus\u0327ak ve esnek, \u0131s\u0131ya dayan\u0131kl\u0131, havlu benzeri bir kumas\u0327tan u\u0308retilir. Kolay tak\u0131l\u0131p c\u0327\u0131kart\u0131labilir. <\/a><\/p>\n<\/div><div class=\"btClear btSeparator topExtraSmallSpaced bottomSmallSpaced noBorder\" ><hr><\/div><a href=\"https:\/\/wisas.com.tr\/tr\/otaklav-eldiveni\/\" class=\"btBtn btBtn btnFilledStyle btnAlternateColor btnExtraSmall btnNormalWidth btnRightPosition btnNoIcon\" ><span class=\"btnInnerText\">\u00dcR\u00dcN AYRINTILARI<\/span><\/a><div class=\"btClear btSeparator topExtraSmallSpaced bottomSmallSpaced noBorder\" ><hr><\/div><\/div><\/div><div class=\"rowItem col-md-3 col-sm-6 col-ms-12 btTextCenter animate animate-fadein animate-moveup btTextIndent inherit\" style=\"margin-bottom: 10px;\" ><div class=\"rowItemContent\" style = \"background-color:#f1f1f1;\"><div class=\"bpgPhoto btTextCenter\" > \r\n\t\t\t\t\t<a href=\"https:\/\/wisas.com.tr\/tr\/yikama-eldiveni\/\" target=\"_self\" title=\"\"><\/a>\r\n\t\t\t\t\t<div class=\"boldPhotoBox\"><div class=\"bpbItem\"><div class = \"btImage\"><img src=\"https:\/\/wisas.com.tr\/wp-content\/uploads\/2022\/08\/yikamaeldiveniXX.jpg\" alt=\"\" title=\"\" ><\/div><\/div><\/div>\r\n\t\t\t\t\t<div class=\"captionPane\">\r\n\t\t\t\t\t\t<div class=\"captionTable\">\r\n\t\t\t\t\t\t\t<div class=\"captionCell\">\r\n\t\t\t\t\t\t\t\t<div class=\"captionTxt\"><\/div>\r\n\t\t\t\t\t\t\t<\/div>\r\n\t\t\t\t\t\t<\/div>\r\n\t\t\t\t\t<\/div><\/div><div class=\"btIconImageRow kontrolico btIconsHalfHoverPosition\" ><span class=\"btIco btIcoFilledType btIcoBigSize btIcoAccentColor   \" ><span  data-ico-hp=\"&#xe915;\" class=\"btIcoHolder\"><em><\/em><\/span><\/span><\/div><div class=\"btClear btSeparator topExtraSmallSpaced noBorder\" ><hr><\/div><header class=\"header btClear medium btDash topDash kategoribaslik btAccentDash\" ><div class=\"dash\"><h3><span class=\"headline\">YIKAMA ELD\u0130VEN\u0130<\/span><\/h3><\/div><\/header><div class=\"btClear btSeparator topExtraSmallSpaced bottomSmallSpaced noBorder\" ><hr><\/div><div class=\"btText\" ><p><a href=\"https:\/\/wisas.com.tr\/tr\/yikama-eldiveni\/\">Eldiven ki\u015fisel koruyucu donan\u0131m y\u00f6netmeli\u011fi h\u00fck\u00fcmlerine g\u00f6re do\u011fal lateks\/neopren kar\u0131\u015f\u0131m\u0131ndan ve avu\u00e7 i\u00e7i kavramay\u0131 kolayla\u015ft\u0131rc\u0131 \u00f6zellikte \u00fcretilmi\u015ftir. <\/a><\/p>\n<\/div><a href=\"https:\/\/wisas.com.tr\/tr\/yikama-eldiveni\/\" class=\"btBtn btBtn btnFilledStyle btnAlternateColor btnExtraSmall btnNormalWidth btnRightPosition btnNoIcon\" ><span class=\"btnInnerText\">\u00dcR\u00dcN AYRINTILARI<\/span><\/a><div class=\"btClear btSeparator topExtraSmallSpaced bottomSmallSpaced noBorder\" ><hr><\/div><\/div><\/div><div class=\"rowItem col-md-3 col-sm-6 col-ms-12 btTextCenter animate animate-fadein animate-moveup btTextIndent inherit\" style=\"margin-bottom: 10px;\" ><div class=\"rowItemContent\" style = \"background-color:#f1f1f1;\"><div class=\"bpgPhoto btTextCenter\" > \r\n\t\t\t\t\t<a href=\"https:\/\/wisas.com.tr\/tr\/yazici-kartuslari\/\" target=\"_self\" title=\"\"><\/a>\r\n\t\t\t\t\t<div class=\"boldPhotoBox\"><div class=\"bpbItem\"><div class = \"btImage\"><img src=\"https:\/\/wisas.com.tr\/wp-content\/uploads\/2022\/08\/KARTUS.jpg\" alt=\"\" title=\"\" ><\/div><\/div><\/div>\r\n\t\t\t\t\t<div class=\"captionPane\">\r\n\t\t\t\t\t\t<div class=\"captionTable\">\r\n\t\t\t\t\t\t\t<div class=\"captionCell\">\r\n\t\t\t\t\t\t\t\t<div class=\"captionTxt\"><\/div>\r\n\t\t\t\t\t\t\t<\/div>\r\n\t\t\t\t\t\t<\/div>\r\n\t\t\t\t\t<\/div><\/div><div class=\"btIconImageRow kontrolico btIconsHalfHoverPosition\" ><span class=\"btIco btIcoFilledType btIcoBigSize btIcoAccentColor   \" ><span  data-ico-hp=\"&#xe915;\" class=\"btIcoHolder\"><em><\/em><\/span><\/span><\/div><div class=\"btClear btSeparator topExtraSmallSpaced noBorder\" ><hr><\/div><header class=\"header btClear medium btDash topDash kategoribaslik btAccentDash\" ><div class=\"dash\"><h3><span class=\"headline\">YAZICI KARTU\u015eLARI<\/span><\/h3><\/div><\/header><div class=\"btClear btSeparator topExtraSmallSpaced bottomSmallSpaced noBorder\" ><hr><\/div><div class=\"btText\" ><p><a href=\"https:\/\/wisas.com.tr\/tr\/yazici-kartuslari\/\">Sterilizasyon \u00fcnitelerinde kullan\u0131lan kapatma makinelerinin paketleme ka\u011f\u0131tlar\u0131na y\u00fck numaras\u0131, personel ismi ve son kullanma tarihi yazd\u0131rmay\u0131 sa\u011flayan <\/a><\/p>\n<\/div><a href=\"https:\/\/wisas.com.tr\/tr\/yazici-kartuslari\/\" class=\"btBtn btBtn btnFilledStyle btnAlternateColor btnExtraSmall btnNormalWidth btnRightPosition btnNoIcon\" ><span class=\"btnInnerText\">\u00dcR\u00dcN AYRINTILARI<\/span><\/a><div class=\"btClear btSeparator topExtraSmallSpaced bottomSmallSpaced noBorder\" ><hr><\/div><\/div><\/div><div class=\"rowItem col-md-3 col-sm-6 col-ms-12 btTextCenter animate animate-fadein animate-moveup btTextIndent inherit\" style=\"margin-bottom: 10px;\" ><div class=\"rowItemContent\" style = \"background-color:#f1f1f1;\"><div class=\"bpgPhoto btTextCenter\" > \r\n\t\t\t\t\t<a href=\"https:\/\/wisas.com.tr\/tr\/yazici-rololari\/\" target=\"_self\" title=\"\"><\/a>\r\n\t\t\t\t\t<div class=\"boldPhotoBox\"><div class=\"bpbItem\"><div class = \"btImage\"><img src=\"https:\/\/wisas.com.tr\/wp-content\/uploads\/2022\/08\/yazici.jpg\" alt=\"\" title=\"\" ><\/div><\/div><\/div>\r\n\t\t\t\t\t<div class=\"captionPane\">\r\n\t\t\t\t\t\t<div class=\"captionTable\">\r\n\t\t\t\t\t\t\t<div class=\"captionCell\">\r\n\t\t\t\t\t\t\t\t<div class=\"captionTxt\"><\/div>\r\n\t\t\t\t\t\t\t<\/div>\r\n\t\t\t\t\t\t<\/div>\r\n\t\t\t\t\t<\/div><\/div><div class=\"btIconImageRow kontrolico btIconsHalfHoverPosition\" ><span class=\"btIco btIcoFilledType btIcoBigSize btIcoAccentColor   \" ><span  data-ico-hp=\"&#xe915;\" class=\"btIcoHolder\"><em><\/em><\/span><\/span><\/div><div class=\"btClear btSeparator topExtraSmallSpaced noBorder\" ><hr><\/div><header class=\"header btClear medium btDash topDash kategoribaslik btAccentDash\" ><div class=\"dash\"><h3><span class=\"headline\">YAZICI RULOLARI<\/span><\/h3><\/div><\/header><div class=\"btClear btSeparator topExtraSmallSpaced bottomSmallSpaced noBorder\" ><hr><\/div><div class=\"btText\" ><p><a href=\"https:\/\/wisas.com.tr\/tr\/yazici-rololari\/\">Sterilizasyon \u00fcnitelerinde bulunan buhar otoklav\u0131, etilen oksit otoklav\u0131, hidrojen peroksit otoklav makineleri ve y\u0131kma makinelerin&#8230;<\/a><\/p>\n<\/div><a href=\"https:\/\/wisas.com.tr\/tr\/yazici-rololari\/\" class=\"btBtn btBtn btnFilledStyle btnAlternateColor btnExtraSmall btnNormalWidth btnRightPosition btnNoIcon\" ><span class=\"btnInnerText\">\u00dcR\u00dcN AYRINTILARI<\/span><\/a><div class=\"btClear btSeparator topExtraSmallSpaced bottomSmallSpaced noBorder\" ><hr><\/div><\/div><\/div><\/div><\/div><\/div><\/div><\/div><\/section><section id=\"bt_section69d83f6a6d2ea\"  class=\"boldSection btDarkSkin gutter inherit wBackground cover\" style=\"background-color:#61b6f2;background-image:url('https:\/\/wisas.com.tr\/wp-content\/uploads\/2022\/08\/laboratuvarsonkurulum-resimJS-21.jpg');\"><div class=\"port\"><div class=\"boldCell\"><div class=\"boldCellInner\"><div class=\"boldRow  \" ><div class=\"boldRowInner\"><div class=\"rowItem col-md-8 col-ms-12 btTextLeft animate animate-fadein animate-moveright btMiddleVertical hizliiletisim\"  ><div class=\"rowItemContent\" ><div class=\"btClear btSeparator topSpaced noBorder\" ><hr><\/div><header class=\"header btClear large btDash topDash  btAccentDash\" ><div class=\"btSuperTitle\">Bu \u00fcr\u00fcn hakk\u0131nda detayl\u0131 bilgilere mi ihtiyac\u0131n\u0131z var?<\/div><div class=\"dash\"><h2><span class=\"headline\">B\u0130Z S\u0130Z\u0130 ARAYALIM<\/span><\/h2><\/div><\/header><div class=\"btText\" ><div role=\"form\" class=\"wpcf7\" id=\"wpcf7-f1609-o1\" lang=\"en-US\" dir=\"ltr\">\n<div class=\"screen-reader-response\"><p role=\"status\" aria-live=\"polite\" aria-atomic=\"true\"><\/p> <ul><\/ul><\/div>\n<form action=\"\/tr\/wp-json\/wp\/v2\/pages\/2475#wpcf7-f1609-o1\" method=\"post\" class=\"wpcf7-form init\" novalidate=\"novalidate\" data-status=\"init\">\n<div style=\"display: none;\">\n<input type=\"hidden\" name=\"_wpcf7\" value=\"1609\" \/>\n<input type=\"hidden\" name=\"_wpcf7_version\" value=\"5.6.1\" \/>\n<input type=\"hidden\" name=\"_wpcf7_locale\" value=\"en_US\" \/>\n<input type=\"hidden\" name=\"_wpcf7_unit_tag\" value=\"wpcf7-f1609-o1\" \/>\n<input type=\"hidden\" name=\"_wpcf7_container_post\" value=\"0\" \/>\n<input type=\"hidden\" name=\"_wpcf7_posted_data_hash\" value=\"\" \/>\n<\/div>\n<p><label><span class=\"bt_bb_required\">Ad\u0131n\u0131z, Soyad\u0131n\u0131z?<\/span><\/p>\n<p>    <span class=\"wpcf7-form-control-wrap\" data-name=\"your-name\"><input type=\"text\" name=\"your-name\" value=\"\" size=\"40\" class=\"wpcf7-form-control wpcf7-text wpcf7-validates-as-required\" aria-required=\"true\" aria-invalid=\"false\" \/><\/span> <\/label><\/p>\n<p><label><span class=\"bt_bb_required\">E-mail Adresiniz?<\/span><br \/>\n    <span class=\"wpcf7-form-control-wrap\" data-name=\"your-email\"><input type=\"email\" name=\"your-email\" value=\"\" size=\"40\" class=\"wpcf7-form-control wpcf7-text wpcf7-email wpcf7-validates-as-required wpcf7-validates-as-email\" aria-required=\"true\" aria-invalid=\"false\" \/><\/span> <\/label><\/p>\n<p><label>Telefon Numaran\u0131z<br \/>\n    <span class=\"wpcf7-form-control-wrap\" data-name=\"your-subject\"><input type=\"text\" name=\"your-subject\" value=\"\" size=\"40\" class=\"wpcf7-form-control wpcf7-text\" aria-invalid=\"false\" \/><\/span> <\/label><\/p>\n<p><input type=\"submit\" value=\"G\u00d6NDER\" class=\"wpcf7-form-control has-spinner wpcf7-submit\" \/><\/p>\n<div class=\"wpcf7-response-output\" aria-hidden=\"true\"><\/div><\/form><\/div><\/div><div class=\"btClear btSeparator topSpaced noBorder\" ><hr><\/div><\/div><\/div><div class=\"rowItem col-md-4 col-ms-12 btTextLeft animate animate-fadein animate-moveleft btTopVertical btDoublePadding whatspp whatsppbgr wBackground cover\" style=\"background: rgba(0,0,0,.2);background-image: url(https:\/\/wisas.com.tr\/wp-content\/uploads\/2022\/08\/2229b-Kurtarildixxxxx.png);\" ><div class=\"rowItemContent\" ><div class=\"btClear btSeparator topSmallSpaced noBorder\" ><hr><\/div><header class=\"header btClear medium  btNormalDash\" ><div class=\"dash\"><h3><span class=\"headline\">Bize Whatsapp ileti\u015fim hatt\u0131m\u0131zdan ula\u015fabilirsiniz.<\/span><\/h3><\/div><\/header><div class=\"btClear btSeparator topSmallSpaced noBorder\" ><hr><\/div><a href=\"https:\/\/api.whatsapp.com\/send\/?phone=905539378845&amp;text=wisas.com.tr\" class=\"btBtn btBtn btnFilledStyle btnAlternateColor btnExtraSmall btnNormalWidth whabutton btnRightPosition btnNoIcon\" ><span class=\"btnInnerText\">WHATSAPP \u0130LET\u0130\u015e\u0130M HATTI<\/span><\/a><div class=\"btClear btSeparator topSmallSpaced noBorder\" ><hr><\/div><\/div><\/div><\/div><\/div><\/div><\/div><\/div><\/section>","protected":false},"excerpt":{"rendered":"<p>\t\t\t\tProactively envisioned multimedia based expertise and cross-media growth strategies. Seamlessly visualize quality intellectual capital without superior collaboration and idea-sharing.\t\t<\/p>\n","protected":false},"author":1,"featured_media":1966,"parent":0,"menu_order":0,"comment_status":"closed","ping_status":"closed","template":"","meta":[],"_links":{"self":[{"href":"https:\/\/wisas.com.tr\/tr\/wp-json\/wp\/v2\/pages\/2475"}],"collection":[{"href":"https:\/\/wisas.com.tr\/tr\/wp-json\/wp\/v2\/pages"}],"about":[{"href":"https:\/\/wisas.com.tr\/tr\/wp-json\/wp\/v2\/types\/page"}],"author":[{"embeddable":true,"href":"https:\/\/wisas.com.tr\/tr\/wp-json\/wp\/v2\/users\/1"}],"replies":[{"embeddable":true,"href":"https:\/\/wisas.com.tr\/tr\/wp-json\/wp\/v2\/comments?post=2475"}],"version-history":[{"count":30,"href":"https:\/\/wisas.com.tr\/tr\/wp-json\/wp\/v2\/pages\/2475\/revisions"}],"predecessor-version":[{"id":3145,"href":"https:\/\/wisas.com.tr\/tr\/wp-json\/wp\/v2\/pages\/2475\/revisions\/3145"}],"wp:featuredmedia":[{"embeddable":true,"href":"https:\/\/wisas.com.tr\/tr\/wp-json\/wp\/v2\/media\/1966"}],"wp:attachment":[{"href":"https:\/\/wisas.com.tr\/tr\/wp-json\/wp\/v2\/media?parent=2475"}],"curies":[{"name":"wp","href":"https:\/\/api.w.org\/{rel}","templated":true}]}}