{"id":2416,"date":"2022-08-28T08:08:02","date_gmt":"2022-08-28T08:08:02","guid":{"rendered":"https:\/\/wisas.com.tr\/?page_id=2416"},"modified":"2022-09-06T07:53:15","modified_gmt":"2022-09-06T07:53:15","slug":"buhar-plazma-eo-dokumantasyon-etiketi","status":"publish","type":"page","link":"https:\/\/wisas.com.tr\/tr\/buhar-plazma-eo-dokumantasyon-etiketi\/","title":{"rendered":"Buhar D\u00f6k\u00fcmantasyon Etiketi"},"content":{"rendered":"<section id=\"bt_section69d85ad1c6b3d\"  class=\"boldSection topSpaced bottomSpaced gutter inherit\" ><div class=\"port\"><div class=\"boldCell\"><div class=\"boldCellInner\"><div class=\"boldRow yanm \" ><div class=\"boldRowInner\"><div class=\"rowItem col-md-12 col-ms-12  btTextLeft animate animate-fadein inherit btDoublePadding icerik\"  ><div class=\"rowItemContent\" ><div class=\"bpgPhoto btTextCenter\" ><div class=\"btImage\"><img src=\"https:\/\/wisas.com.tr\/wp-content\/uploads\/2022\/08\/aaaetiket.jpg\" alt=\"\" title=\"\"><\/div><\/div><div class=\"btClear btSeparator topSmallSpaced bottomSemiSpaced border\" ><hr><\/div><header class=\"header btClear medium  btAccentDash\" ><div class=\"dash\"><h3><span class=\"headline\">Buhar D\u00f6k\u00fcmantasyon Etiketi<\/span><\/h3><\/div><\/header><div class=\"btText\" ><p><em>W\u0130SAS<\/em> \u00dc\u00e7 sat\u0131rl\u0131 \u00e7ift yap\u0131\u015fkanl\u0131 indikat\u00f6r etiketleri buhar sterilizasyon metodu i\u00e7in tasarlanm\u0131\u015ft\u0131r.<\/p>\n<p>ISO 11140-1 standard\u0131na uygun ve kur\u015fun i\u00e7ermeyen kimyasal indikat\u00f6rler ba\u015far\u0131l\u0131 sterilizasyon d\u00f6ng\u00fc sonras\u0131 net bir renk d\u00f6n\u00fc\u015f\u00fcm\u00fc g\u00f6stermektedir.<\/p>\n<p>Sterilizasyon ve son kullanma tarihi, otoklav ve d\u00f6ng\u00fc numaralar\u0131 izlenebilirlik i\u00e7in <em>W\u0130SAS<\/em> Etiket Tabancas\u0131 ile rahatl\u0131kla etiketler \u00fczerine bas\u0131labilmektedir.<\/p>\n<\/div><\/div><\/div><\/div><\/div><\/div><\/div><\/div><\/section><section id=\"tabanca\"  class=\"boldSection topSpaced bottomSpaced gutter inherit\" ><div class=\"port\"><div class=\"boldCell\"><div class=\"boldCellInner\"><div class=\"boldRow yanm \" ><div class=\"boldRowInner\"><div class=\"rowItem col-md-6 col-sm-12 btTextLeft animate animate-fadein inherit btDoublePadding icerik\"  ><div class=\"rowItemContent\" ><div class=\"bpgPhoto btTextCenter\" ><div class=\"btImage\"><img src=\"https:\/\/wisas.com.tr\/wp-content\/uploads\/2022\/08\/tabanca2.jpg\" alt=\"\" title=\"\"><\/div><\/div><\/div><\/div><div class=\"rowItem col-md-6 col-sm-12 btTextLeft animate animate-fadein inherit btDoublePadding icerik\"  ><div class=\"rowItemContent\" ><header class=\"header btClear medium digerurunbaslik btNormalDash\" ><div class=\"dash\"><h3><span class=\"headline\">Etiket Tabancas\u0131<\/span><\/h3><\/div><\/header><div class=\"btText\" ><p><em>W\u0130SAS<\/em> Etiket Tabancas\u0131, kay\u0131t ama\u00e7l\u0131 kullan\u0131lan indikat\u00f6r etiketleri i\u00e7in kolay bir kullan\u0131m ve bask\u0131 \u00e7\u00f6z\u00fcm\u00fc sunmaktad\u0131r. \u0130ndikat\u00f6r etiketleri sterilizasyon s\u00fcreci ile hasta aras\u0131nda do\u011frudan bir ba\u011flant\u0131 olu\u015fturmak ve izlenebilirlik i\u00e7in tasarlanm\u0131\u015ft\u0131r.<\/p>\n<p>Etiket tabancas\u0131 sterilizasyon ve son kullanma tarihi, operat\u00f6r kodu, otoklav<br \/>\nnumaras\u0131 ve d\u00f6ng\u00fc say\u0131s\u0131 gibi \u00f6nemli izlenebilirlik bilgilerini yazd\u0131rmak i\u00e7in kullan\u0131lmaktad\u0131r.<\/p>\n<p><em>W\u0130SAS<\/em> etiket tabancalar\u0131 \u00fc\u00e7 sat\u0131rl\u0131 yazd\u0131rma \u00f6zelli\u011fi ile sunulmaktad\u0131r.<\/p>\n<\/div><\/div><\/div><\/div><\/div><\/div><\/div><\/div><\/section><section id=\"bt_section69d85ad1c7671\"  class=\"boldSection topSpaced bottomSpaced gutter inherit\" ><div class=\"port\"><div class=\"boldCell\"><div class=\"boldCellInner\"><div class=\"boldRow  \" ><div class=\"boldRowInner\"><div class=\"rowItem col-md-12 col-ms-12  btTextCenter animate animate-fadein inherit\"  ><div class=\"rowItemContent\" ><a href=\"https:\/\/wisas.com.tr\/tr\/sterilizasyon-takip-urunleri\/\" class=\"btBtn btBtn btnFilledStyle btnAlternateColor btnMedium btnNormalWidth btnLeftPosition btnIco\" style=\"margin-bottom: -30px;\"><span class=\"btnInnerText\">T\u00dcM STER\u0130L\u0130ZASYON TAK\u0130P \u00dcR\u00dcNLER\u0130<\/span><span class=\"btIco \" ><span  data-ico-fa=\"&#xf104;\" class=\"btIcoHolder\"><em><\/em><\/span><\/span><\/a><\/div><\/div><\/div><\/div><\/div><\/div><\/div><\/section><section id=\"bt_section69d85ad1c7a2a\"  class=\"boldSection btDarkSkin gutter inherit wBackground cover\" style=\"background-color:#61b6f2;background-image:url('https:\/\/wisas.com.tr\/wp-content\/uploads\/2022\/08\/laboratuvarsonkurulum-resimJS-21.jpg');\"><div class=\"port\"><div class=\"boldCell\"><div class=\"boldCellInner\"><div class=\"boldRow  \" ><div class=\"boldRowInner\"><div class=\"rowItem col-md-8 col-ms-12 btTextLeft animate animate-fadein animate-moveright btMiddleVertical\"  ><div class=\"rowItemContent\" ><div class=\"btClear btSeparator topSpaced noBorder\" ><hr><\/div><header class=\"header btClear large btDash topDash  btAccentDash\" ><div class=\"btSuperTitle\">Bu \u00fcr\u00fcn hakk\u0131nda detayl\u0131 bilgilere mi ihtiyac\u0131n\u0131z var?<\/div><div class=\"dash\"><h2><span class=\"headline\">B\u0130Z S\u0130Z\u0130 ARAYALIM<\/span><\/h2><\/div><\/header><div class=\"btText\" ><div role=\"form\" class=\"wpcf7\" id=\"wpcf7-f1609-o1\" lang=\"en-US\" dir=\"ltr\">\n<div class=\"screen-reader-response\"><p role=\"status\" aria-live=\"polite\" aria-atomic=\"true\"><\/p> <ul><\/ul><\/div>\n<form action=\"\/tr\/wp-json\/wp\/v2\/pages\/2416#wpcf7-f1609-o1\" method=\"post\" class=\"wpcf7-form init\" novalidate=\"novalidate\" data-status=\"init\">\n<div style=\"display: none;\">\n<input type=\"hidden\" name=\"_wpcf7\" value=\"1609\" \/>\n<input type=\"hidden\" name=\"_wpcf7_version\" value=\"5.6.1\" \/>\n<input type=\"hidden\" name=\"_wpcf7_locale\" value=\"en_US\" \/>\n<input type=\"hidden\" name=\"_wpcf7_unit_tag\" value=\"wpcf7-f1609-o1\" \/>\n<input type=\"hidden\" name=\"_wpcf7_container_post\" value=\"0\" \/>\n<input type=\"hidden\" name=\"_wpcf7_posted_data_hash\" value=\"\" \/>\n<\/div>\n<p><label><span class=\"bt_bb_required\">Ad\u0131n\u0131z, Soyad\u0131n\u0131z?<\/span><\/p>\n<p>    <span class=\"wpcf7-form-control-wrap\" data-name=\"your-name\"><input type=\"text\" name=\"your-name\" value=\"\" size=\"40\" class=\"wpcf7-form-control wpcf7-text wpcf7-validates-as-required\" aria-required=\"true\" aria-invalid=\"false\" \/><\/span> <\/label><\/p>\n<p><label><span class=\"bt_bb_required\">E-mail Adresiniz?<\/span><br \/>\n    <span class=\"wpcf7-form-control-wrap\" data-name=\"your-email\"><input type=\"email\" name=\"your-email\" value=\"\" size=\"40\" class=\"wpcf7-form-control wpcf7-text wpcf7-email wpcf7-validates-as-required wpcf7-validates-as-email\" aria-required=\"true\" aria-invalid=\"false\" \/><\/span> <\/label><\/p>\n<p><label>Telefon Numaran\u0131z<br \/>\n    <span class=\"wpcf7-form-control-wrap\" data-name=\"your-subject\"><input type=\"text\" name=\"your-subject\" value=\"\" size=\"40\" class=\"wpcf7-form-control wpcf7-text\" aria-invalid=\"false\" \/><\/span> <\/label><\/p>\n<p><input type=\"submit\" value=\"G\u00d6NDER\" class=\"wpcf7-form-control has-spinner wpcf7-submit\" \/><\/p>\n<div class=\"wpcf7-response-output\" aria-hidden=\"true\"><\/div><\/form><\/div><\/div><div class=\"btClear btSeparator topSpaced noBorder\" ><hr><\/div><\/div><\/div><div class=\"rowItem col-md-4 col-ms-12 btTextLeft animate animate-fadein animate-moveleft btTopVertical btDoublePadding whatspp whatsppbgr wBackground cover\" style=\"background: rgba(0,0,0,.2);background-image: url(https:\/\/wisas.com.tr\/wp-content\/uploads\/2022\/08\/2229b-Kurtarildixxxxx.png);\" ><div class=\"rowItemContent\" ><div class=\"btClear btSeparator topSmallSpaced noBorder\" ><hr><\/div><header class=\"header btClear medium  btNormalDash\" ><div class=\"dash\"><h3><span class=\"headline\">Bize Whatsapp ileti\u015fim hatt\u0131m\u0131zdan ula\u015fabilirsiniz.<\/span><\/h3><\/div><\/header><div class=\"btClear btSeparator topSmallSpaced noBorder\" ><hr><\/div><a href=\"https:\/\/api.whatsapp.com\/send\/?phone=905539378845&amp;text=wisas.com.tr\" class=\"btBtn btBtn btnFilledStyle btnAlternateColor btnExtraSmall btnNormalWidth whabutton btnRightPosition btnNoIcon\"  target=\"_blank\"><span class=\"btnInnerText\">WHATSAPP \u0130LET\u0130\u015e\u0130M HATTI<\/span><\/a><div class=\"btClear btSeparator topSmallSpaced noBorder\" ><hr><\/div><\/div><\/div><\/div><\/div><\/div><\/div><\/div><\/section>","protected":false},"excerpt":{"rendered":"<p>STER\u0130L\u0130ZASYON KONTROL \u00dcR\u00dcNLER\u0130<\/p>\n","protected":false},"author":1,"featured_media":1990,"parent":0,"menu_order":0,"comment_status":"closed","ping_status":"closed","template":"","meta":[],"_links":{"self":[{"href":"https:\/\/wisas.com.tr\/tr\/wp-json\/wp\/v2\/pages\/2416"}],"collection":[{"href":"https:\/\/wisas.com.tr\/tr\/wp-json\/wp\/v2\/pages"}],"about":[{"href":"https:\/\/wisas.com.tr\/tr\/wp-json\/wp\/v2\/types\/page"}],"author":[{"embeddable":true,"href":"https:\/\/wisas.com.tr\/tr\/wp-json\/wp\/v2\/users\/1"}],"replies":[{"embeddable":true,"href":"https:\/\/wisas.com.tr\/tr\/wp-json\/wp\/v2\/comments?post=2416"}],"version-history":[{"count":7,"href":"https:\/\/wisas.com.tr\/tr\/wp-json\/wp\/v2\/pages\/2416\/revisions"}],"predecessor-version":[{"id":2903,"href":"https:\/\/wisas.com.tr\/tr\/wp-json\/wp\/v2\/pages\/2416\/revisions\/2903"}],"wp:featuredmedia":[{"embeddable":true,"href":"https:\/\/wisas.com.tr\/tr\/wp-json\/wp\/v2\/media\/1990"}],"wp:attachment":[{"href":"https:\/\/wisas.com.tr\/tr\/wp-json\/wp\/v2\/media?parent=2416"}],"curies":[{"name":"wp","href":"https:\/\/api.w.org\/{rel}","templated":true}]}}