{"id":2006,"date":"2022-08-12T04:20:20","date_gmt":"2022-08-12T04:20:20","guid":{"rendered":"https:\/\/wisas.com.tr\/?page_id=2006"},"modified":"2022-09-22T09:20:11","modified_gmt":"2022-09-22T09:20:11","slug":"buhar-yuk-kontrol-testi","status":"publish","type":"page","link":"https:\/\/wisas.com.tr\/tr\/buhar-yuk-kontrol-testi\/","title":{"rendered":"Buhar Helix Testi"},"content":{"rendered":"<section id=\"bt_section69d85aadd73c9\"  class=\"boldSection topSpaced bottomSpaced gutter inherit\" ><div class=\"port\"><div class=\"boldCell\"><div class=\"boldCellInner\"><div class=\"boldRow yanm \" ><div class=\"boldRowInner\"><div class=\"rowItem col-md-12 col-ms-12  btTextLeft animate animate-fadein inherit btDoublePadding icerik\"  ><div class=\"rowItemContent\" ><header class=\"header btClear medium  btAccentDash\" ><div class=\"dash\"><h3><span class=\"headline\">Buhar Helix Testi<\/span><\/h3><\/div><\/header><div class=\"btText\" ><p><em>W\u0130SAS<\/em> Sterilizasyon metotlar\u0131ndaki yeni uygulamalar, parametric release (sterilizasyon parametrelerine ba\u011fl\u0131 \u00fcr\u00fcn\u00fc serbest b\u0131rakma) her d\u00f6ng\u00fcde kullan\u0131lan PCD gibi zor sterilizasyon \u015fartlar\u0131 ile sim\u00fclasyonu yap\u0131lm\u0131\u015f aparatlarla \u00f6l\u00e7\u00fclmektedir.<\/p>\n<p>Merkezi sterilizasyon \u00fcnitelerinde PCD gibi zorla\u015ft\u0131r\u0131lm\u0131\u015f sterilizasyon ko\u015fullar\u0131n\u0131 sa\u011flamak \u00e7ok zordur. \u0130\u015f g\u00fcc\u00fc ve zaman kayb\u0131n\u0131n yan\u0131nda, standardize edilebilmesi m\u00fcmk\u00fcn de\u011fildir. Hata pay\u0131 y\u00fcksek oldu\u011fu i\u00e7in \u00f6nerilmemektedir. Bunun yerine her sterilizat\u00f6r y\u00fck\u00fcn\u00fcn kontrol\u00fc i\u00e7in zor sterilizasyon \u015fartlar\u0131n\u0131n sim\u00fclasyonu ile test edilmi\u015f kullan\u0131ma haz\u0131r y\u00fck kontrol test aparatlar\u0131 \u00f6nerilmektedir.<\/p>\n<p><em>W\u0130SAS<\/em> y\u00fck kontrol test aparat\u0131nda t\u00fcm bu hata paylar\u0131 en aza indirgenmi\u015f ve kullan\u0131m \u00e7ok pratik hale getirilmi\u015ftir. Y\u00fck kontrol testinin kullan\u0131m\u0131nda her sterilizat\u00f6r d\u00f6ng\u00fcs\u00fcn\u00fcn kontrol\u00fcnde sadece aparat i\u00e7erisindeki y\u00fck entegrat\u00f6r\u00fc veya em\u00fclgat\u00f6r\u00fc, aparat test indikat\u00f6r\u00fc renk de\u011fi\u015fikli\u011fi yeterli olmaktad\u0131r.<\/p>\n<p><em>W\u0130SAS<\/em> y\u00fck kontrol test aparat\u0131 en zor \u015fartlarda emniyet fakt\u00f6r\u00fc y\u00fcksek entegrat\u00f6r ve em\u00fclgat\u00f6rlerle \u00f6l\u00e7\u00fcm yapmaktad\u0131r. Dolay\u0131s\u0131yla boh\u00e7a i\u00e7i kimyasal indikat\u00f6r se\u00e7iminde daha esnek olabilmeyi, maliyeti daha d\u00fc\u015f\u00fck olan kimyasal indikat\u00f6r kullanmay\u0131 olanakl\u0131 k\u0131lmaktad\u0131r. Yine AAMI nin \u2018buhar sterilizat\u00f6rleri i\u00e7in g\u00fcnl\u00fck, haftal\u0131k, ayl\u0131k gibi belirli aral\u0131klarla belirli miktar biyolojik indikat\u00f6r kullan\u0131lmal\u0131d\u0131r\u2019 yorumunda minimum test say\u0131s\u0131n\u0131n se\u00e7ilmesini kolayla\u015ft\u0131rmaktad\u0131r.<\/p>\n<\/div><div class=\"btClear btSeparator topSmallSpaced bottomSemiSpaced border\" ><hr><\/div><div class=\"bpgPhoto btTextCenter urundetaygorsel\" ><div class=\"btImage\"><img src=\"https:\/\/wisas.com.tr\/wp-content\/uploads\/2022\/08\/2201xyz.jpg\" alt=\"\" title=\"\"><\/div><\/div><\/div><\/div><\/div><\/div><\/div><\/div><\/div><\/section><section id=\"bt_section69d85aadd7910\"  class=\"boldSection topSpaced bottomSpaced gutter inherit kategoriyedon\" ><div class=\"port\"><div class=\"boldCell\"><div class=\"boldCellInner\"><div class=\"boldRow  \" ><div class=\"boldRowInner\"><div class=\"rowItem col-md-12 col-ms-12  btTextCenter animate animate-fadein inherit\"  ><div class=\"rowItemContent\" ><a href=\"https:\/\/wisas.com.tr\/tr\/sterilizasyon-kontrol-urunleri\/\" class=\"btBtn btBtn btnFilledStyle btnAlternateColor btnMedium btnNormalWidth btnLeftPosition btnIco\" style=\"margin-bottom: -30px;\"><span class=\"btnInnerText\">T\u00dcM STER\u0130L\u0130ZASYON KONTROL \u00dcR\u00dcNLER\u0130<\/span><span class=\"btIco \" ><span  data-ico-fa=\"&#xf104;\" class=\"btIcoHolder\"><em><\/em><\/span><\/span><\/a><\/div><\/div><\/div><\/div><\/div><\/div><\/div><\/section><section id=\"bt_section69d85aadd7c3f\"  class=\"boldSection btDarkSkin gutter inherit wBackground cover\" style=\"background-color:#61b6f2;background-image:url('https:\/\/wisas.com.tr\/wp-content\/uploads\/2022\/08\/laboratuvarsonkurulum-resimJS-21.jpg');\"><div class=\"port\"><div class=\"boldCell\"><div class=\"boldCellInner\"><div class=\"boldRow  \" ><div class=\"boldRowInner\"><div class=\"rowItem col-md-8 col-ms-12 btTextLeft animate animate-fadein animate-moveright btMiddleVertical\"  ><div class=\"rowItemContent\" ><div class=\"btClear btSeparator topSpaced noBorder\" ><hr><\/div><header class=\"header btClear large btDash topDash  btAccentDash\" ><div class=\"btSuperTitle\">Bu \u00fcr\u00fcn hakk\u0131nda detayl\u0131 bilgilere mi ihtiyac\u0131n\u0131z var?<\/div><div class=\"dash\"><h2><span class=\"headline\">B\u0130Z S\u0130Z\u0130 ARAYALIM<\/span><\/h2><\/div><\/header><div class=\"btText\" ><div role=\"form\" class=\"wpcf7\" id=\"wpcf7-f1609-o1\" lang=\"en-US\" dir=\"ltr\">\n<div class=\"screen-reader-response\"><p role=\"status\" aria-live=\"polite\" aria-atomic=\"true\"><\/p> <ul><\/ul><\/div>\n<form action=\"\/tr\/wp-json\/wp\/v2\/pages\/2006#wpcf7-f1609-o1\" method=\"post\" class=\"wpcf7-form init\" novalidate=\"novalidate\" data-status=\"init\">\n<div style=\"display: none;\">\n<input type=\"hidden\" name=\"_wpcf7\" value=\"1609\" \/>\n<input type=\"hidden\" name=\"_wpcf7_version\" value=\"5.6.1\" \/>\n<input type=\"hidden\" name=\"_wpcf7_locale\" value=\"en_US\" \/>\n<input type=\"hidden\" name=\"_wpcf7_unit_tag\" value=\"wpcf7-f1609-o1\" \/>\n<input type=\"hidden\" name=\"_wpcf7_container_post\" value=\"0\" \/>\n<input type=\"hidden\" name=\"_wpcf7_posted_data_hash\" value=\"\" \/>\n<\/div>\n<p><label><span class=\"bt_bb_required\">Ad\u0131n\u0131z, Soyad\u0131n\u0131z?<\/span><\/p>\n<p>    <span class=\"wpcf7-form-control-wrap\" data-name=\"your-name\"><input type=\"text\" name=\"your-name\" value=\"\" size=\"40\" class=\"wpcf7-form-control wpcf7-text wpcf7-validates-as-required\" aria-required=\"true\" aria-invalid=\"false\" \/><\/span> <\/label><\/p>\n<p><label><span class=\"bt_bb_required\">E-mail Adresiniz?<\/span><br \/>\n    <span class=\"wpcf7-form-control-wrap\" data-name=\"your-email\"><input type=\"email\" name=\"your-email\" value=\"\" size=\"40\" class=\"wpcf7-form-control wpcf7-text wpcf7-email wpcf7-validates-as-required wpcf7-validates-as-email\" aria-required=\"true\" aria-invalid=\"false\" \/><\/span> <\/label><\/p>\n<p><label>Telefon Numaran\u0131z<br \/>\n    <span class=\"wpcf7-form-control-wrap\" data-name=\"your-subject\"><input type=\"text\" name=\"your-subject\" value=\"\" size=\"40\" class=\"wpcf7-form-control wpcf7-text\" aria-invalid=\"false\" \/><\/span> <\/label><\/p>\n<p><input type=\"submit\" value=\"G\u00d6NDER\" class=\"wpcf7-form-control has-spinner wpcf7-submit\" \/><\/p>\n<div class=\"wpcf7-response-output\" aria-hidden=\"true\"><\/div><\/form><\/div><\/div><div class=\"btClear btSeparator topSpaced noBorder\" ><hr><\/div><\/div><\/div><div class=\"rowItem col-md-4 col-ms-12 btTextLeft animate animate-fadein animate-moveleft btTopVertical btDoublePadding whatspp whatsppbgr wBackground cover\" style=\"background: rgba(0,0,0,.2);background-image: url(https:\/\/wisas.com.tr\/wp-content\/uploads\/2022\/08\/2229b-Kurtarildixxxxx.png);\" ><div class=\"rowItemContent\" ><div class=\"btClear btSeparator topSmallSpaced noBorder\" ><hr><\/div><header class=\"header btClear medium  btNormalDash\" ><div class=\"dash\"><h3><span class=\"headline\">Bize Whatsapp ileti\u015fim hatt\u0131m\u0131zdan ula\u015fabilirsiniz.<\/span><\/h3><\/div><\/header><div class=\"btClear btSeparator topSmallSpaced noBorder\" ><hr><\/div><a href=\"https:\/\/api.whatsapp.com\/send\/?phone=905539378845&amp;text=wisas.com.tr\" class=\"btBtn btBtn btnFilledStyle btnAlternateColor btnExtraSmall btnNormalWidth whabutton btnRightPosition btnNoIcon\"  target=\"_blank\"><span class=\"btnInnerText\">WHATSAPP \u0130LET\u0130\u015e\u0130M HATTI<\/span><\/a><div class=\"btClear btSeparator topSmallSpaced noBorder\" ><hr><\/div><\/div><\/div><\/div><\/div><\/div><\/div><\/div><\/section>","protected":false},"excerpt":{"rendered":"<p>STER\u0130L\u0130ZASYON KONTROL \u00dcR\u00dcNLER\u0130<\/p>\n","protected":false},"author":1,"featured_media":1990,"parent":0,"menu_order":0,"comment_status":"closed","ping_status":"closed","template":"","meta":[],"_links":{"self":[{"href":"https:\/\/wisas.com.tr\/tr\/wp-json\/wp\/v2\/pages\/2006"}],"collection":[{"href":"https:\/\/wisas.com.tr\/tr\/wp-json\/wp\/v2\/pages"}],"about":[{"href":"https:\/\/wisas.com.tr\/tr\/wp-json\/wp\/v2\/types\/page"}],"author":[{"embeddable":true,"href":"https:\/\/wisas.com.tr\/tr\/wp-json\/wp\/v2\/users\/1"}],"replies":[{"embeddable":true,"href":"https:\/\/wisas.com.tr\/tr\/wp-json\/wp\/v2\/comments?post=2006"}],"version-history":[{"count":9,"href":"https:\/\/wisas.com.tr\/tr\/wp-json\/wp\/v2\/pages\/2006\/revisions"}],"predecessor-version":[{"id":3144,"href":"https:\/\/wisas.com.tr\/tr\/wp-json\/wp\/v2\/pages\/2006\/revisions\/3144"}],"wp:featuredmedia":[{"embeddable":true,"href":"https:\/\/wisas.com.tr\/tr\/wp-json\/wp\/v2\/media\/1990"}],"wp:attachment":[{"href":"https:\/\/wisas.com.tr\/tr\/wp-json\/wp\/v2\/media?parent=2006"}],"curies":[{"name":"wp","href":"https:\/\/api.w.org\/{rel}","templated":true}]}}