{"id":1983,"date":"2022-08-12T02:15:26","date_gmt":"2022-08-12T02:15:26","guid":{"rendered":"https:\/\/wisas.com.tr\/?page_id=1983"},"modified":"2022-09-21T14:08:51","modified_gmt":"2022-09-21T14:08:51","slug":"sterilizasyon-yikama-urunleri","status":"publish","type":"page","link":"https:\/\/wisas.com.tr\/tr\/sterilizasyon-yikama-urunleri\/","title":{"rendered":"Sterilizasyon Y\u0131kama \u00dcr\u00fcnleri"},"content":{"rendered":"<section id=\"bt_section69d83f4f1c19a\"  class=\"boldSection topSpaced bottomSpaced gutter inherit kategori\" style=\"margin-top: -20px; position: relative; z-index: 1;\"><div class=\"port\"><div class=\"boldCell\"><div class=\"boldCellInner\"><div class=\"boldRow  \" ><div class=\"boldRowInner\"><div class=\"rowItem col-md-3 col-sm-6 col-ms-12 btTextCenter animate animate-fadein animate-moveup btTextIndent inherit\" style=\"margin-bottom: 10px;\" ><div class=\"rowItemContent\" style = \"background-color:#f1f1f1;\"><div class=\"bpgPhoto btTextCenter\" > \r\n\t\t\t\t\t<a href=\"https:\/\/wisas.com.tr\/tr\/yikama-etkinlik-test-kiti\/\" target=\"_self\" title=\"\"><\/a>\r\n\t\t\t\t\t<div class=\"boldPhotoBox\"><div class=\"bpbItem\"><div class = \"btImage\"><img src=\"https:\/\/wisas.com.tr\/wp-content\/uploads\/2022\/08\/3azx.jpg\" alt=\"\" title=\"\" ><\/div><\/div><\/div>\r\n\t\t\t\t\t<div class=\"captionPane\">\r\n\t\t\t\t\t\t<div class=\"captionTable\">\r\n\t\t\t\t\t\t\t<div class=\"captionCell\">\r\n\t\t\t\t\t\t\t\t<div class=\"captionTxt\"><\/div>\r\n\t\t\t\t\t\t\t<\/div>\r\n\t\t\t\t\t\t<\/div>\r\n\t\t\t\t\t<\/div><\/div><div class=\"btIconImageRow kontrolico btIconsHalfHoverPosition\" ><span class=\"btIco btIcoFilledType btIcoBigSize btIcoAccentColor   \" ><a href=\"https:\/\/wisas.com.tr\/buhar-kimyasal-indikatorleri-type-4-5-6\/\"  target = \"no_target\" data-ico-hp=\"&#xe915;\" class=\"btIcoHolder\"><em><\/em><\/a><\/span><\/div><div class=\"btClear btSeparator topExtraSmallSpaced noBorder\" ><hr><\/div><header class=\"header btClear medium btDash topDash kategoribaslik btAccentDash\" ><div class=\"dash\"><h3><span class=\"headline\">ULTRASON\u0130K ETK\u0130NL\u0130K TEST K\u0130T\u0130<\/span><\/h3><\/div><\/header><div class=\"btText\" ><p><a href=\"https:\/\/wisas.com.tr\/tr\/yikama-etkinlik-test-kiti\/\">W\u0130SAS Wave Check 18\u00b0C ila 60\u00b0C aras\u0131ndaki s\u0131cakl\u0131klarda, 35 kHz e\u015fit veya daha y\u00fcksek frekanslarda \u00e7al\u0131\u015fan ultrasonik y\u0131kama makinelerinin&#8230;<\/a><\/p>\n<\/div><div class=\"btClear btSeparator topExtraSmallSpaced bottomSmallSpaced noBorder\" ><hr><\/div><a href=\"https:\/\/wisas.com.tr\/tr\/yikama-etkinlik-test-kiti\/\" class=\"btBtn btBtn btnFilledStyle btnAlternateColor btnExtraSmall btnNormalWidth btnRightPosition btnNoIcon\" ><span class=\"btnInnerText\">\u00dcR\u00dcN AYRINTILARI<\/span><\/a><div class=\"btClear btSeparator topExtraSmallSpaced bottomSmallSpaced noBorder\" ><hr><\/div><\/div><\/div><div class=\"rowItem col-md-3 col-sm-6 col-ms-12 btTextCenter animate animate-fadein animate-moveup btTextIndent inherit\" style=\"margin-bottom: 10px;\" ><div class=\"rowItemContent\" style = \"background-color:#f1f1f1;\"><div class=\"bpgPhoto btTextCenter\" > \r\n\t\t\t\t\t<a href=\"https:\/\/wisas.com.tr\/tr\/ultrasonik-etkinlik-test-kiti\/\" target=\"_self\" title=\"\"><\/a>\r\n\t\t\t\t\t<div class=\"boldPhotoBox\"><div class=\"bpbItem\"><div class = \"btImage\"><img src=\"https:\/\/wisas.com.tr\/wp-content\/uploads\/2022\/08\/4aasas.jpg\" alt=\"\" title=\"\" ><\/div><\/div><\/div>\r\n\t\t\t\t\t<div class=\"captionPane\">\r\n\t\t\t\t\t\t<div class=\"captionTable\">\r\n\t\t\t\t\t\t\t<div class=\"captionCell\">\r\n\t\t\t\t\t\t\t\t<div class=\"captionTxt\"><\/div>\r\n\t\t\t\t\t\t\t<\/div>\r\n\t\t\t\t\t\t<\/div>\r\n\t\t\t\t\t<\/div><\/div><div class=\"btIconImageRow kontrolico btIconsHalfHoverPosition\" ><span class=\"btIco btIcoFilledType btIcoBigSize btIcoAccentColor   \" ><span  data-ico-hp=\"&#xe915;\" class=\"btIcoHolder\"><em><\/em><\/span><\/span><\/div><div class=\"btClear btSeparator topExtraSmallSpaced noBorder\" ><hr><\/div><header class=\"header btClear medium btDash topDash kategoribaslik btAccentDash\" ><div class=\"dash\"><h3><span class=\"headline\">ULTRASON\u0130K ETK\u0130NL\u0130K \u0130ND\u0130KAT\u00d6R\u00dc <\/span><\/h3><\/div><\/header><div class=\"btText\" ><p><a href=\"https:\/\/wisas.com.tr\/tr\/ultrasonik-etkinlik-test-kiti\/\">W\u0130SAS Medikal alet ve malzemelerin temizlik ve y\u0131kama s\u00fcre\u00e7 kontrol\u00fc son derece \u00f6nemlidir. \u00c7\u00fcnk\u00fc sonu\u00e7 sonras\u0131nda yap\u0131lan dezenfeksiyon &#8230;<\/a><\/p>\n<\/div><div class=\"btClear btSeparator topExtraSmallSpaced bottomSmallSpaced noBorder\" ><hr><\/div><a href=\"https:\/\/wisas.com.tr\/tr\/ultrasonik-etkinlik-test-kiti\/\" class=\"btBtn btBtn btnFilledStyle btnAlternateColor btnExtraSmall btnNormalWidth btnRightPosition btnNoIcon\" ><span class=\"btnInnerText\">\u00dcR\u00dcN AYRINTILARI<\/span><\/a><div class=\"btClear btSeparator topExtraSmallSpaced bottomSmallSpaced noBorder\" ><hr><\/div><\/div><\/div><div class=\"rowItem col-md-3 col-sm-6 col-ms-12 btTextCenter animate animate-fadein animate-moveup btTextIndent inherit\" style=\"margin-bottom: 10px;\" ><div class=\"rowItemContent\" style = \"background-color:#f1f1f1;\"><div class=\"bpgPhoto btTextCenter\" > \r\n\t\t\t\t\t<a href=\"https:\/\/wisas.com.tr\/tr\/yikama-etkinlik-indikatoru\/\" target=\"_self\" title=\"\"><\/a>\r\n\t\t\t\t\t<div class=\"boldPhotoBox\"><div class=\"bpbItem\"><div class = \"btImage\"><img src=\"https:\/\/wisas.com.tr\/wp-content\/uploads\/2022\/08\/1az.jpg\" alt=\"\" title=\"\" ><\/div><\/div><\/div>\r\n\t\t\t\t\t<div class=\"captionPane\">\r\n\t\t\t\t\t\t<div class=\"captionTable\">\r\n\t\t\t\t\t\t\t<div class=\"captionCell\">\r\n\t\t\t\t\t\t\t\t<div class=\"captionTxt\"><\/div>\r\n\t\t\t\t\t\t\t<\/div>\r\n\t\t\t\t\t\t<\/div>\r\n\t\t\t\t\t<\/div><\/div><div class=\"btIconImageRow kontrolico btIconsHalfHoverPosition\" ><span class=\"btIco btIcoFilledType btIcoBigSize btIcoAccentColor   \" ><span  data-ico-hp=\"&#xe915;\" class=\"btIcoHolder\"><em><\/em><\/span><\/span><\/div><div class=\"btClear btSeparator topExtraSmallSpaced noBorder\" ><hr><\/div><header class=\"header btClear medium btDash topDash kategoribaslik btAccentDash\" ><div class=\"dash\"><h3><span class=\"headline\">YIKAMA ETK\u0130NL\u0130K TEST K\u0130T\u0130<\/span><\/h3><\/div><\/header><div class=\"btText\" ><p><a href=\"https:\/\/wisas.com.tr\/tr\/yikama-etkinlik-indikatoru\/\">W\u0130SAS Washing \u0130ndikat\u00f6r; y\u0131kay\u0131c\u0131-dezenfekt\u00f6rlerin rutin \u00e7al\u0131\u015fmas\u0131 s\u0131ras\u0131nda temizlik etkinli\u011fini kontrol etmenizi sa\u011flar. Bu testin rutin kullan\u0131m\u0131 y\u0131kay\u0131c\u0131n\u0131z\u0131n tutarl\u0131 bir seviyede&#8230;<\/a><\/p>\n<\/div><div class=\"btClear btSeparator topExtraSmallSpaced bottomSmallSpaced noBorder\" ><hr><\/div><a href=\"https:\/\/wisas.com.tr\/tr\/yikama-etkinlik-indikatoru\/\" class=\"btBtn btBtn btnFilledStyle btnAlternateColor btnExtraSmall btnNormalWidth btnRightPosition btnNoIcon\" ><span class=\"btnInnerText\">\u00dcR\u00dcN AYRINTILARI<\/span><\/a><div class=\"btClear btSeparator topExtraSmallSpaced bottomSmallSpaced noBorder\" ><hr><\/div><\/div><\/div><div class=\"rowItem col-md-3 col-sm-6 col-ms-12 btTextCenter animate animate-fadein animate-moveup btTextIndent inherit\" style=\"margin-bottom: 10px;\" ><div class=\"rowItemContent\" style = \"background-color:#f1f1f1;\"><div class=\"bpgPhoto btTextCenter\" > \r\n\t\t\t\t\t<a href=\"https:\/\/wisas.com.tr\/tr\/ultrasonil-etkinlik-indikatoru\/\" target=\"_self\" title=\"\"><\/a>\r\n\t\t\t\t\t<div class=\"boldPhotoBox\"><div class=\"bpbItem\"><div class = \"btImage\"><img src=\"https:\/\/wisas.com.tr\/wp-content\/uploads\/2022\/08\/2azx.jpg\" alt=\"\" title=\"\" ><\/div><\/div><\/div>\r\n\t\t\t\t\t<div class=\"captionPane\">\r\n\t\t\t\t\t\t<div class=\"captionTable\">\r\n\t\t\t\t\t\t\t<div class=\"captionCell\">\r\n\t\t\t\t\t\t\t\t<div class=\"captionTxt\"><\/div>\r\n\t\t\t\t\t\t\t<\/div>\r\n\t\t\t\t\t\t<\/div>\r\n\t\t\t\t\t<\/div><\/div><div class=\"btIconImageRow kontrolico btIconsHalfHoverPosition\" ><span class=\"btIco btIcoFilledType btIcoBigSize btIcoAccentColor   \" ><span  data-ico-hp=\"&#xe915;\" class=\"btIcoHolder\"><em><\/em><\/span><\/span><\/div><div class=\"btClear btSeparator topExtraSmallSpaced noBorder\" ><hr><\/div><header class=\"header btClear medium btDash topDash kategoribaslik btAccentDash\" ><div class=\"dash\"><h3><span class=\"headline\">YIKAMA ETK\u0130NL\u0130K \u0130ND\u0130KAT\u00d6R\u00dc<\/span><\/h3><\/div><\/header><div class=\"btText\" ><p><a href=\"https:\/\/wisas.com.tr\/tr\/ultrasonil-etkinlik-indikatoru\/\">W\u0130SAS Medikal alet ve malzemelerin temizlik ve y\u0131kama s\u00fcre\u00e7 kontrol\u00fc son derece \u00f6nemlidir. \u00c7\u00fcnk\u00fc sonu\u00e7 sonras\u0131nda yap\u0131lan dezenfeksiyon&#8230; <\/a><\/p>\n<\/div><div class=\"btClear btSeparator topExtraSmallSpaced bottomSmallSpaced noBorder\" ><hr><\/div><a href=\"https:\/\/wisas.com.tr\/tr\/ultrasonil-etkinlik-indikatoru\/\" class=\"btBtn btBtn btnFilledStyle btnAlternateColor btnExtraSmall btnNormalWidth btnRightPosition btnNoIcon\" ><span class=\"btnInnerText\">\u00dcR\u00dcN AYRINTILARI<\/span><\/a><div class=\"btClear btSeparator topExtraSmallSpaced bottomSmallSpaced noBorder\" ><hr><\/div><\/div><\/div><\/div><\/div><\/div><\/div><\/div><\/section><section id=\"bt_section69d83f4f1d52d\"  class=\"boldSection btDarkSkin gutter inherit wBackground cover\" style=\"background-color:#61b6f2;background-image:url('https:\/\/wisas.com.tr\/wp-content\/uploads\/2022\/08\/laboratuvarsonkurulum-resimJS-21.jpg');\"><div class=\"port\"><div class=\"boldCell\"><div class=\"boldCellInner\"><div class=\"boldRow  \" ><div class=\"boldRowInner\"><div class=\"rowItem col-md-8 col-ms-12 btTextLeft animate animate-fadein animate-moveright btMiddleVertical hizliiletisim\"  ><div class=\"rowItemContent\" ><div class=\"btClear btSeparator topSpaced noBorder\" ><hr><\/div><header class=\"header btClear large btDash topDash  btAccentDash\" ><div class=\"btSuperTitle\">Bu \u00fcr\u00fcn hakk\u0131nda detayl\u0131 bilgilere mi ihtiyac\u0131n\u0131z var?<\/div><div class=\"dash\"><h2><span class=\"headline\">B\u0130Z S\u0130Z\u0130 ARAYALIM<\/span><\/h2><\/div><\/header><div class=\"btText\" ><div role=\"form\" class=\"wpcf7\" id=\"wpcf7-f1609-o1\" lang=\"en-US\" dir=\"ltr\">\n<div class=\"screen-reader-response\"><p role=\"status\" aria-live=\"polite\" aria-atomic=\"true\"><\/p> <ul><\/ul><\/div>\n<form action=\"\/tr\/wp-json\/wp\/v2\/pages\/1983#wpcf7-f1609-o1\" method=\"post\" class=\"wpcf7-form init\" novalidate=\"novalidate\" data-status=\"init\">\n<div style=\"display: none;\">\n<input type=\"hidden\" name=\"_wpcf7\" value=\"1609\" \/>\n<input type=\"hidden\" name=\"_wpcf7_version\" value=\"5.6.1\" \/>\n<input type=\"hidden\" name=\"_wpcf7_locale\" value=\"en_US\" \/>\n<input type=\"hidden\" name=\"_wpcf7_unit_tag\" value=\"wpcf7-f1609-o1\" \/>\n<input type=\"hidden\" name=\"_wpcf7_container_post\" value=\"0\" \/>\n<input type=\"hidden\" name=\"_wpcf7_posted_data_hash\" value=\"\" \/>\n<\/div>\n<p><label><span class=\"bt_bb_required\">Ad\u0131n\u0131z, Soyad\u0131n\u0131z?<\/span><\/p>\n<p>    <span class=\"wpcf7-form-control-wrap\" data-name=\"your-name\"><input type=\"text\" name=\"your-name\" value=\"\" size=\"40\" class=\"wpcf7-form-control wpcf7-text wpcf7-validates-as-required\" aria-required=\"true\" aria-invalid=\"false\" \/><\/span> <\/label><\/p>\n<p><label><span class=\"bt_bb_required\">E-mail Adresiniz?<\/span><br \/>\n    <span class=\"wpcf7-form-control-wrap\" data-name=\"your-email\"><input type=\"email\" name=\"your-email\" value=\"\" size=\"40\" class=\"wpcf7-form-control wpcf7-text wpcf7-email wpcf7-validates-as-required wpcf7-validates-as-email\" aria-required=\"true\" aria-invalid=\"false\" \/><\/span> <\/label><\/p>\n<p><label>Telefon Numaran\u0131z<br \/>\n    <span class=\"wpcf7-form-control-wrap\" data-name=\"your-subject\"><input type=\"text\" name=\"your-subject\" value=\"\" size=\"40\" class=\"wpcf7-form-control wpcf7-text\" aria-invalid=\"false\" \/><\/span> <\/label><\/p>\n<p><input type=\"submit\" value=\"G\u00d6NDER\" class=\"wpcf7-form-control has-spinner wpcf7-submit\" \/><\/p>\n<div class=\"wpcf7-response-output\" aria-hidden=\"true\"><\/div><\/form><\/div><\/div><div class=\"btClear btSeparator topSpaced noBorder\" ><hr><\/div><\/div><\/div><div class=\"rowItem col-md-4 col-ms-12 btTextLeft animate animate-fadein animate-moveleft btTopVertical btDoublePadding whatspp whatsppbgr wBackground cover\" style=\"background: rgba(0,0,0,.2);background-image: url(https:\/\/wisas.com.tr\/wp-content\/uploads\/2022\/08\/2229b-Kurtarildixxxxx.png);\" ><div class=\"rowItemContent\" ><div class=\"btClear btSeparator topSmallSpaced noBorder\" ><hr><\/div><header class=\"header btClear medium  btNormalDash\" ><div class=\"dash\"><h3><span class=\"headline\">Bize Whatsapp ileti\u015fim hatt\u0131m\u0131zdan ula\u015fabilirsiniz.<\/span><\/h3><\/div><\/header><div class=\"btClear btSeparator topSmallSpaced noBorder\" ><hr><\/div><a href=\"https:\/\/api.whatsapp.com\/send\/?phone=905539378845&amp;text=wisas.com.tr\" class=\"btBtn btBtn btnFilledStyle btnAlternateColor btnExtraSmall btnNormalWidth whabutton btnRightPosition btnNoIcon\" ><span class=\"btnInnerText\">WHATSAPP \u0130LET\u0130\u015e\u0130M HATTI<\/span><\/a><div class=\"btClear btSeparator topSmallSpaced noBorder\" ><hr><\/div><\/div><\/div><\/div><\/div><\/div><\/div><\/div><\/section>","protected":false},"excerpt":{"rendered":"<p>\t\t\t\tProactively envisioned multimedia based expertise and cross-media growth strategies. Seamlessly visualize quality intellectual capital without superior collaboration and idea-sharing.\t\t<\/p>\n","protected":false},"author":1,"featured_media":1966,"parent":0,"menu_order":0,"comment_status":"closed","ping_status":"closed","template":"","meta":[],"_links":{"self":[{"href":"https:\/\/wisas.com.tr\/tr\/wp-json\/wp\/v2\/pages\/1983"}],"collection":[{"href":"https:\/\/wisas.com.tr\/tr\/wp-json\/wp\/v2\/pages"}],"about":[{"href":"https:\/\/wisas.com.tr\/tr\/wp-json\/wp\/v2\/types\/page"}],"author":[{"embeddable":true,"href":"https:\/\/wisas.com.tr\/tr\/wp-json\/wp\/v2\/users\/1"}],"replies":[{"embeddable":true,"href":"https:\/\/wisas.com.tr\/tr\/wp-json\/wp\/v2\/comments?post=1983"}],"version-history":[{"count":15,"href":"https:\/\/wisas.com.tr\/tr\/wp-json\/wp\/v2\/pages\/1983\/revisions"}],"predecessor-version":[{"id":3052,"href":"https:\/\/wisas.com.tr\/tr\/wp-json\/wp\/v2\/pages\/1983\/revisions\/3052"}],"wp:featuredmedia":[{"embeddable":true,"href":"https:\/\/wisas.com.tr\/tr\/wp-json\/wp\/v2\/media\/1966"}],"wp:attachment":[{"href":"https:\/\/wisas.com.tr\/tr\/wp-json\/wp\/v2\/media?parent=1983"}],"curies":[{"name":"wp","href":"https:\/\/api.w.org\/{rel}","templated":true}]}}