{"id":1878,"date":"2022-08-08T09:26:47","date_gmt":"2022-08-08T09:26:47","guid":{"rendered":"https:\/\/wisas.com.tr\/?page_id=1878"},"modified":"2022-08-30T13:46:11","modified_gmt":"2022-08-30T13:46:11","slug":"bizeulasin","status":"publish","type":"page","link":"https:\/\/wisas.com.tr\/tr\/kurumsal\/bizeulasin\/","title":{"rendered":"Bize Ula\u015f\u0131n"},"content":{"rendered":"<section id=\"bt_section69d827052721b\"  class=\"boldSection topSpaced bottomSpaced gutter inherit\" ><div class=\"port\"><div class=\"boldCell\"><div class=\"boldCellInner\"><div class=\"boldRow  \" ><div class=\"boldRowInner\"><div class=\"rowItem col-md-4 col-ms-12 btTextLeft animate animate-fadein inherit btDoublePadding\"  ><div class=\"rowItemContent\" ><div class=\"btClear btSeparator bottomSmallSpaced noBorder\" ><hr><\/div><div class=\"servicesItem  btIcoAlterColorIcon btIcoBigSizeIcon  \"><div class=\"sIcon\"><span class=\"btIco btIcoBigSize btIcoFilledType btIcoAlterColor\" ><span  data-ico-dg=\"&#xe92a;\" class=\"btIcoHolder\"><em><\/em><\/span><\/span><\/div><div class=\"sTxt\"><header class=\"header btClear small\" ><div class=\"dash\"><h4><span class=\"headline\">E-MAIL<\/span><\/h4><\/div><\/header><p>export@wisas.com.tr<br\/>info@chmmedikal.com<br\/>chmmedikal@hotmail.com<\/p><\/div><\/div><div class=\"btClear btSeparator bottomSemiSpaced noBorder\" ><hr><\/div><div class=\"servicesItem  btIcoAlterColorIcon btIcoBigSizeIcon  \"><div class=\"sIcon\"><span class=\"btIco btIcoBigSize btIcoFilledType btIcoAlterColor\" ><span  data-ico-tc=\"&#xe95f;\" class=\"btIcoHolder\"><em><\/em><\/span><\/span><\/div><div class=\"sTxt\"><header class=\"header btClear small\" ><div class=\"dash\"><h4><span class=\"headline\">TELEFON<\/span><\/h4><\/div><\/header><p>0 232 237 88 44<br\/>0 232 237 88 45<\/p><\/div><\/div><div class=\"btClear btSeparator bottomSemiSpaced noBorder\" ><hr><\/div><div class=\"servicesItem  btIcoAlterColorIcon btIcoBigSizeIcon  \"><div class=\"sIcon\"><span class=\"btIco btIcoBigSize btIcoFilledType btIcoAlterColor\" ><span  data-ico-hs=\"&#xe91f;\" class=\"btIcoHolder\"><em><\/em><\/span><\/span><\/div><div class=\"sTxt\"><header class=\"header btClear small\" ><div class=\"dash\"><h4><span class=\"headline\">Adres<\/span><\/h4><\/div><\/header><p>Meri\u00e7 Mahallesi 5746\/5 <br\/>Sokak No:33\/Z. 1-2 6014 <br\/>Ada MTK Sitesi <br\/>Bornova-\u0130ZM\u0130R<\/p><\/div><\/div><div class=\"btClear btSeparator bottomSemiSpaced noBorder\" ><hr><\/div><div class=\"btText\" ><p><iframe style=\"border: 0;\" src=\"https:\/\/www.google.com\/maps\/embed?pb=!1m14!1m8!1m3!1d12503.134105377707!2d27.1897147!3d38.4233673!3m2!1i1024!2i768!4f13.1!3m3!1m2!1s0x0%3A0x188bc626af2af1ea!2sChm%20Medikal!5e0!3m2!1str!2str!4v1659951404681!5m2!1str!2str\" width=\"100%\" height=\"450\" allowfullscreen=\"allowfullscreen\"><\/iframe><\/p>\n<\/div><\/div><\/div><div class=\"rowItem col-md-8 col-ms-12 btTextLeft\"  ><div class=\"rowItemContent\" ><header class=\"header btClear extralarge btDash bottomDash iletisimformbaslik btAccentDash\" ><div class=\"dash\"><h1><span class=\"headline\">\u0130LET\u0130\u015e\u0130M <b class=\"animate\">FORMU<\/b><\/span><\/h1><\/div><div class=\"btSubTitle\">\u0130leti\u015fim formunu doldurarak bize ula\u015fabilirsiniz.\r<br>M\u00fc\u015fteri temsilcilerimiz en k\u0131sa s\u00fcrede size ula\u015facakt\u0131r.<\/div><\/header><div class=\"btClear btSeparator bottomSemiSpaced noBorder\" ><hr><\/div><div class=\"btText\" ><div role=\"form\" class=\"wpcf7\" id=\"wpcf7-f5-o1\" lang=\"en-US\" dir=\"ltr\">\n<div class=\"screen-reader-response\"><p role=\"status\" aria-live=\"polite\" aria-atomic=\"true\"><\/p> <ul><\/ul><\/div>\n<form action=\"\/tr\/wp-json\/wp\/v2\/pages\/1878#wpcf7-f5-o1\" method=\"post\" class=\"wpcf7-form init\" novalidate=\"novalidate\" data-status=\"init\">\n<div style=\"display: none;\">\n<input type=\"hidden\" name=\"_wpcf7\" value=\"5\" \/>\n<input type=\"hidden\" name=\"_wpcf7_version\" value=\"5.6.1\" \/>\n<input type=\"hidden\" name=\"_wpcf7_locale\" value=\"en_US\" \/>\n<input type=\"hidden\" name=\"_wpcf7_unit_tag\" value=\"wpcf7-f5-o1\" \/>\n<input type=\"hidden\" name=\"_wpcf7_container_post\" value=\"0\" \/>\n<input type=\"hidden\" name=\"_wpcf7_posted_data_hash\" value=\"\" \/>\n<\/div>\n<p><label> Ad\u0131n\u0131z, Soyad\u0131n\u0131z<br \/>\n    <span class=\"wpcf7-form-control-wrap\" data-name=\"your-name\"><input type=\"text\" name=\"your-name\" value=\"\" size=\"40\" class=\"wpcf7-form-control wpcf7-text wpcf7-validates-as-required\" aria-required=\"true\" aria-invalid=\"false\" \/><\/span> <\/label><\/p>\n<p><label> E-mail Adresiniz<br \/>\n    <span class=\"wpcf7-form-control-wrap\" data-name=\"your-email\"><input type=\"email\" name=\"your-email\" value=\"\" size=\"40\" class=\"wpcf7-form-control wpcf7-text wpcf7-email wpcf7-validates-as-required wpcf7-validates-as-email\" aria-required=\"true\" aria-invalid=\"false\" \/><\/span> <\/label><\/p>\n<p><label> Konu<br \/>\n    <span class=\"wpcf7-form-control-wrap\" data-name=\"your-subject\"><input type=\"text\" name=\"your-subject\" value=\"\" size=\"40\" class=\"wpcf7-form-control wpcf7-text wpcf7-validates-as-required\" aria-required=\"true\" aria-invalid=\"false\" \/><\/span> <\/label><\/p>\n<p><label> Mesaj\u0131n\u0131z (Opsiyonel)<br \/>\n    <span class=\"wpcf7-form-control-wrap\" data-name=\"your-message\"><textarea name=\"your-message\" cols=\"40\" rows=\"10\" class=\"wpcf7-form-control wpcf7-textarea\" aria-invalid=\"false\"><\/textarea><\/span> <\/label><\/p>\n<p><input type=\"submit\" value=\"G\u00f6nder\" class=\"wpcf7-form-control has-spinner wpcf7-submit\" \/><\/p>\n<div class=\"wpcf7-response-output\" aria-hidden=\"true\"><\/div><\/form><\/div><\/div><\/div><\/div><\/div><\/div><\/div><\/div><\/div><\/section>","protected":false},"excerpt":{"rendered":"<p>Soru, sorun, g\u00f6r\u00fc\u015f ve \u00f6nerileriniz i\u00e7in bize ula\u015f\u0131n<\/p>\n","protected":false},"author":1,"featured_media":1874,"parent":6,"menu_order":0,"comment_status":"closed","ping_status":"closed","template":"","meta":[],"_links":{"self":[{"href":"https:\/\/wisas.com.tr\/tr\/wp-json\/wp\/v2\/pages\/1878"}],"collection":[{"href":"https:\/\/wisas.com.tr\/tr\/wp-json\/wp\/v2\/pages"}],"about":[{"href":"https:\/\/wisas.com.tr\/tr\/wp-json\/wp\/v2\/types\/page"}],"author":[{"embeddable":true,"href":"https:\/\/wisas.com.tr\/tr\/wp-json\/wp\/v2\/users\/1"}],"replies":[{"embeddable":true,"href":"https:\/\/wisas.com.tr\/tr\/wp-json\/wp\/v2\/comments?post=1878"}],"version-history":[{"count":11,"href":"https:\/\/wisas.com.tr\/tr\/wp-json\/wp\/v2\/pages\/1878\/revisions"}],"predecessor-version":[{"id":2580,"href":"https:\/\/wisas.com.tr\/tr\/wp-json\/wp\/v2\/pages\/1878\/revisions\/2580"}],"up":[{"embeddable":true,"href":"https:\/\/wisas.com.tr\/tr\/wp-json\/wp\/v2\/pages\/6"}],"wp:featuredmedia":[{"embeddable":true,"href":"https:\/\/wisas.com.tr\/tr\/wp-json\/wp\/v2\/media\/1874"}],"wp:attachment":[{"href":"https:\/\/wisas.com.tr\/tr\/wp-json\/wp\/v2\/media?parent=1878"}],"curies":[{"name":"wp","href":"https:\/\/api.w.org\/{rel}","templated":true}]}}